{"id":9830,"date":"2024-09-12T13:17:06","date_gmt":"2024-09-12T13:17:06","guid":{"rendered":"https:\/\/www.mammamiaart.com\/product\/prsluk-mammamia-8\/"},"modified":"2026-03-04T09:17:43","modified_gmt":"2026-03-04T09:17:43","slug":"prsluk-mammamia-8","status":"publish","type":"product","link":"https:\/\/www.mammamiaart.com\/hr\/proizvod\/prsluk-mammamia-8\/","title":{"rendered":"Prsluk MAMMAMIA"},"content":{"rendered":"","protected":false},"excerpt":{"rendered":"<p>Podaci o proizvodu: <\/p>\n<p>tekstura: 100% poliester <\/p>\n<p>njega proizvoda: pranje na  30\u00b0 <\/p>\n<p>veli\u010dina: M and L<\/p>\n<p>kontaktirajte nas za prilago\u0111ene narud\u017ebe i vi\u0161e informacija o veli\u010dinama <\/p>\n<p>odricanje od odgovornosti: boje na fotografiji mogu malo odstupati od boja osobno  <\/p>\n","protected":false},"featured_media":10827,"comment_status":"open","ping_status":"closed","template":"","meta":[],"product_brand":[],"product_cat":[52,97],"product_tag":[],"class_list":{"0":"post-9830","1":"product","2":"type-product","3":"status-publish","4":"has-post-thumbnail","6":"product_cat-odjeca","7":"product_cat-prsluci","9":"first","10":"instock","11":"taxable","12":"shipping-taxable","13":"purchasable","14":"product-type-simple"},"_links":{"self":[{"href":"https:\/\/www.mammamiaart.com\/hr\/wp-json\/wp\/v2\/product\/9830","targetHints":{"allow":["GET"]}}],"collection":[{"href":"https:\/\/www.mammamiaart.com\/hr\/wp-json\/wp\/v2\/product"}],"about":[{"href":"https:\/\/www.mammamiaart.com\/hr\/wp-json\/wp\/v2\/types\/product"}],"replies":[{"embeddable":true,"href":"https:\/\/www.mammamiaart.com\/hr\/wp-json\/wp\/v2\/comments?post=9830"}],"wp:featuredmedia":[{"embeddable":true,"href":"https:\/\/www.mammamiaart.com\/hr\/wp-json\/wp\/v2\/media\/10827"}],"wp:attachment":[{"href":"https:\/\/www.mammamiaart.com\/hr\/wp-json\/wp\/v2\/media?parent=9830"}],"wp:term":[{"taxonomy":"product_brand","embeddable":true,"href":"https:\/\/www.mammamiaart.com\/hr\/wp-json\/wp\/v2\/product_brand?post=9830"},{"taxonomy":"product_cat","embeddable":true,"href":"https:\/\/www.mammamiaart.com\/hr\/wp-json\/wp\/v2\/product_cat?post=9830"},{"taxonomy":"product_tag","embeddable":true,"href":"https:\/\/www.mammamiaart.com\/hr\/wp-json\/wp\/v2\/product_tag?post=9830"}],"curies":[{"name":"wp","href":"https:\/\/api.w.org\/{rel}","templated":true}]}}