{"id":8593,"date":"2024-03-30T10:53:26","date_gmt":"2024-05-06T11:24:14","guid":{"rendered":"https:\/\/www.mammamiaart.com\/product\/majica-neo\/"},"modified":"2024-11-15T14:53:00","modified_gmt":"2024-11-15T14:53:00","slug":"majica-neo","status":"publish","type":"product","link":"https:\/\/www.mammamiaart.com\/hr\/proizvod\/majica-neo\/","title":{"rendered":"Majica NEO"},"content":{"rendered":"","protected":false},"excerpt":{"rendered":"<p>Detalji o proizvodu:<\/p>\n<p>tekstura: 95% pamuk, 5% elastin<\/p>\n<p>njega proizvoda: pranje na 30\u00b0<\/p>\n<p>veli\u010dina: M <\/p>\n<p>kontaktirajte nas za narud\u017ebe po mjeri i vi\u0161e informacija o veli\u010dinama<\/p>\n<p>&nbsp;<\/p>\n<p>odricanje od odgovornosti: boje na fotografiji mogu malo odstupati od boja u\u017eivo<\/p>\n","protected":false},"featured_media":12212,"comment_status":"open","ping_status":"closed","template":"","meta":[],"product_brand":[],"product_cat":[99,52],"product_tag":[],"class_list":{"0":"post-8593","1":"product","2":"type-product","3":"status-publish","4":"has-post-thumbnail","6":"product_cat-majice","7":"product_cat-odjeca","9":"first","10":"instock","11":"taxable","12":"shipping-taxable","13":"purchasable","14":"product-type-simple"},"_links":{"self":[{"href":"https:\/\/www.mammamiaart.com\/hr\/wp-json\/wp\/v2\/product\/8593","targetHints":{"allow":["GET"]}}],"collection":[{"href":"https:\/\/www.mammamiaart.com\/hr\/wp-json\/wp\/v2\/product"}],"about":[{"href":"https:\/\/www.mammamiaart.com\/hr\/wp-json\/wp\/v2\/types\/product"}],"replies":[{"embeddable":true,"href":"https:\/\/www.mammamiaart.com\/hr\/wp-json\/wp\/v2\/comments?post=8593"}],"wp:featuredmedia":[{"embeddable":true,"href":"https:\/\/www.mammamiaart.com\/hr\/wp-json\/wp\/v2\/media\/12212"}],"wp:attachment":[{"href":"https:\/\/www.mammamiaart.com\/hr\/wp-json\/wp\/v2\/media?parent=8593"}],"wp:term":[{"taxonomy":"product_brand","embeddable":true,"href":"https:\/\/www.mammamiaart.com\/hr\/wp-json\/wp\/v2\/product_brand?post=8593"},{"taxonomy":"product_cat","embeddable":true,"href":"https:\/\/www.mammamiaart.com\/hr\/wp-json\/wp\/v2\/product_cat?post=8593"},{"taxonomy":"product_tag","embeddable":true,"href":"https:\/\/www.mammamiaart.com\/hr\/wp-json\/wp\/v2\/product_tag?post=8593"}],"curies":[{"name":"wp","href":"https:\/\/api.w.org\/{rel}","templated":true}]}}