{"id":4151,"date":"2022-06-24T12:09:12","date_gmt":"2022-06-24T12:09:12","guid":{"rendered":"https:\/\/www.mammamiaart.com\/?post_type=product&#038;p=4151"},"modified":"2024-01-20T10:59:09","modified_gmt":"2024-01-20T10:59:09","slug":"mammamia-prsluk-mreza-copy","status":"publish","type":"product","link":"https:\/\/www.mammamiaart.com\/hr\/proizvod\/mammamia-prsluk-mreza-copy\/","title":{"rendered":"Prsluk MESH"},"content":{"rendered":"","protected":false},"excerpt":{"rendered":"<p>Tko je rekao da mre\u017ea i ko\u017ene aplikacije su rezervirane samo za ve\u010der? Nosite ovaj mre\u017easti prsluk na hla\u010de u dnevnoj varijanti i zablistaje.<\/p>\n<p>Naravno, ako se odlu\u010dite i za ve\u010dernju varijantu uz pomo\u0107 visokih potpetica i otka\u010denog nakita \u0107ete sigurno biti u centru pozornosti.<\/p>\n<p>Detalji o proizvodu:<\/p>\n<p>odr\u017eavanje proizvoda: prati na 30\u00b0<\/p>\n<p>veli\u010dina: M<\/p>\n<p>kontaktirajte nas u vezi izrade po narud\u017ebi i informacija o veli\u010dinama<\/p>\n<p>&nbsp;<\/p>\n<p>napomena: boje na fotografiji mogu malo odstupati od boja u\u017eivo<\/p>\n<p>visina modela: 175 cm<\/p>\n<p>&nbsp;<\/p>\n","protected":false},"featured_media":4113,"comment_status":"open","ping_status":"closed","template":"","meta":[],"product_brand":[],"product_cat":[52,97],"product_tag":[],"class_list":{"0":"post-4151","1":"product","2":"type-product","3":"status-publish","4":"has-post-thumbnail","6":"product_cat-odjeca","7":"product_cat-prsluci","9":"first","10":"instock","11":"taxable","12":"shipping-taxable","13":"purchasable","14":"product-type-simple"},"_links":{"self":[{"href":"https:\/\/www.mammamiaart.com\/hr\/wp-json\/wp\/v2\/product\/4151","targetHints":{"allow":["GET"]}}],"collection":[{"href":"https:\/\/www.mammamiaart.com\/hr\/wp-json\/wp\/v2\/product"}],"about":[{"href":"https:\/\/www.mammamiaart.com\/hr\/wp-json\/wp\/v2\/types\/product"}],"replies":[{"embeddable":true,"href":"https:\/\/www.mammamiaart.com\/hr\/wp-json\/wp\/v2\/comments?post=4151"}],"wp:featuredmedia":[{"embeddable":true,"href":"https:\/\/www.mammamiaart.com\/hr\/wp-json\/wp\/v2\/media\/4113"}],"wp:attachment":[{"href":"https:\/\/www.mammamiaart.com\/hr\/wp-json\/wp\/v2\/media?parent=4151"}],"wp:term":[{"taxonomy":"product_brand","embeddable":true,"href":"https:\/\/www.mammamiaart.com\/hr\/wp-json\/wp\/v2\/product_brand?post=4151"},{"taxonomy":"product_cat","embeddable":true,"href":"https:\/\/www.mammamiaart.com\/hr\/wp-json\/wp\/v2\/product_cat?post=4151"},{"taxonomy":"product_tag","embeddable":true,"href":"https:\/\/www.mammamiaart.com\/hr\/wp-json\/wp\/v2\/product_tag?post=4151"}],"curies":[{"name":"wp","href":"https:\/\/api.w.org\/{rel}","templated":true}]}}