{"id":4149,"date":"2022-06-24T12:00:59","date_gmt":"2022-06-24T12:00:59","guid":{"rendered":"https:\/\/www.mammamiaart.com\/?post_type=product&#038;p=4149"},"modified":"2024-01-20T11:03:40","modified_gmt":"2024-01-20T11:03:40","slug":"prsluk-mammamia-copy-5","status":"publish","type":"product","link":"https:\/\/www.mammamiaart.com\/hr\/proizvod\/prsluk-mammamia-copy-5\/","title":{"rendered":"Prsluk MESH"},"content":{"rendered":"","protected":false},"excerpt":{"rendered":"<p>Ovaj MammaMia mre\u017easti prsluk u\u010dinit \u0107e svaki va\u0161 look avangardnim, a istovremeno udobnim i nosivim za sve prilike. Prsluk ima pojas koji se stavlja oko struka te dodatno isti\u010de va\u0161u figuru.<\/p>\n<p>Detalji o proizvodu:<\/p>\n<p>odr\u017eavanje proizvoda: prati na 30\u00b0<\/p>\n<p>veli\u010dina: M<\/p>\n<p>kontaktirajte nas u vezi izrade po narud\u017ebi i informacija o veli\u010dinama<\/p>\n<p>&nbsp;<\/p>\n<p>napomena: boje na fotografiji mogu malo odstupati od boja u\u017eivo<\/p>\n<p>visina modela: 175 cm<\/p>\n<p>&nbsp;<\/p>\n","protected":false},"featured_media":4099,"comment_status":"open","ping_status":"closed","template":"","meta":[],"product_brand":[],"product_cat":[52,97],"product_tag":[],"class_list":{"0":"post-4149","1":"product","2":"type-product","3":"status-publish","4":"has-post-thumbnail","6":"product_cat-odjeca","7":"product_cat-prsluci","9":"first","10":"outofstock","11":"taxable","12":"shipping-taxable","13":"purchasable","14":"product-type-simple"},"_links":{"self":[{"href":"https:\/\/www.mammamiaart.com\/hr\/wp-json\/wp\/v2\/product\/4149","targetHints":{"allow":["GET"]}}],"collection":[{"href":"https:\/\/www.mammamiaart.com\/hr\/wp-json\/wp\/v2\/product"}],"about":[{"href":"https:\/\/www.mammamiaart.com\/hr\/wp-json\/wp\/v2\/types\/product"}],"replies":[{"embeddable":true,"href":"https:\/\/www.mammamiaart.com\/hr\/wp-json\/wp\/v2\/comments?post=4149"}],"wp:featuredmedia":[{"embeddable":true,"href":"https:\/\/www.mammamiaart.com\/hr\/wp-json\/wp\/v2\/media\/4099"}],"wp:attachment":[{"href":"https:\/\/www.mammamiaart.com\/hr\/wp-json\/wp\/v2\/media?parent=4149"}],"wp:term":[{"taxonomy":"product_brand","embeddable":true,"href":"https:\/\/www.mammamiaart.com\/hr\/wp-json\/wp\/v2\/product_brand?post=4149"},{"taxonomy":"product_cat","embeddable":true,"href":"https:\/\/www.mammamiaart.com\/hr\/wp-json\/wp\/v2\/product_cat?post=4149"},{"taxonomy":"product_tag","embeddable":true,"href":"https:\/\/www.mammamiaart.com\/hr\/wp-json\/wp\/v2\/product_tag?post=4149"}],"curies":[{"name":"wp","href":"https:\/\/api.w.org\/{rel}","templated":true}]}}