{"id":3248,"date":"2022-03-30T14:38:36","date_gmt":"2022-03-30T14:38:36","guid":{"rendered":"https:\/\/www.mammamiaart.com\/?post_type=product&#038;p=3248"},"modified":"2024-01-19T12:17:17","modified_gmt":"2024-01-19T12:17:17","slug":"mammamia-trenerka-copy-12","status":"publish","type":"product","link":"https:\/\/www.mammamiaart.com\/hr\/proizvod\/mammamia-trenerka-copy-12\/","title":{"rendered":"Trenerka MAMMAMIA"},"content":{"rendered":"","protected":false},"excerpt":{"rendered":"<p>Inspirirano stripovima<\/p>\n<p>&nbsp;<\/p>\n<p>Na\u0161e nove trenerke napravljene su da bi se pokazale. Svojom jedinstvenom strukturom i dizajnom izvest \u0107e vas iz va\u0161e zone komfora i natjerati vas da se veselite svakoj prilici u kojoj mo\u017eete nositi ovu kombinaciju. Ru\u010dno oslikana slika na pole\u0111ini jakne, koja izgleda ba\u0161 kao iz stripa, natjerat \u0107e svakoga da okrene glavu dok prolazite. Dakle, na\u0161 savjet je #daretobedifferent!<\/p>\n<p>&nbsp;<\/p>\n<p>Detalji o proizvodu:<\/p>\n<p>sastav: 90% pamuk, 10% poliester<\/p>\n<p>odr\u017eavanje proizvoda: prati na 30\u00b0<\/p>\n<p>veli\u010dina: S<\/p>\n<p>kontaktirajte nas u vezi informacija o veli\u010dinama<\/p>\n<p>&nbsp;<\/p>\n<p>napomena: boje na fotografiji mogu malo odstupati od boja u\u017eivo<\/p>\n<p>visina modela: 172 cm<\/p>\n<p>&nbsp;<\/p>\n","protected":false},"featured_media":3261,"comment_status":"open","ping_status":"closed","template":"","meta":[],"product_brand":[],"product_cat":[52,76],"product_tag":[],"class_list":{"0":"post-3248","1":"product","2":"type-product","3":"status-publish","4":"has-post-thumbnail","6":"product_cat-odjeca","7":"product_cat-trenerke","9":"first","10":"outofstock","11":"taxable","12":"shipping-taxable","13":"purchasable","14":"product-type-simple"},"_links":{"self":[{"href":"https:\/\/www.mammamiaart.com\/hr\/wp-json\/wp\/v2\/product\/3248","targetHints":{"allow":["GET"]}}],"collection":[{"href":"https:\/\/www.mammamiaart.com\/hr\/wp-json\/wp\/v2\/product"}],"about":[{"href":"https:\/\/www.mammamiaart.com\/hr\/wp-json\/wp\/v2\/types\/product"}],"replies":[{"embeddable":true,"href":"https:\/\/www.mammamiaart.com\/hr\/wp-json\/wp\/v2\/comments?post=3248"}],"wp:featuredmedia":[{"embeddable":true,"href":"https:\/\/www.mammamiaart.com\/hr\/wp-json\/wp\/v2\/media\/3261"}],"wp:attachment":[{"href":"https:\/\/www.mammamiaart.com\/hr\/wp-json\/wp\/v2\/media?parent=3248"}],"wp:term":[{"taxonomy":"product_brand","embeddable":true,"href":"https:\/\/www.mammamiaart.com\/hr\/wp-json\/wp\/v2\/product_brand?post=3248"},{"taxonomy":"product_cat","embeddable":true,"href":"https:\/\/www.mammamiaart.com\/hr\/wp-json\/wp\/v2\/product_cat?post=3248"},{"taxonomy":"product_tag","embeddable":true,"href":"https:\/\/www.mammamiaart.com\/hr\/wp-json\/wp\/v2\/product_tag?post=3248"}],"curies":[{"name":"wp","href":"https:\/\/api.w.org\/{rel}","templated":true}]}}