{"id":2518,"date":"2022-02-17T17:24:30","date_gmt":"2022-02-17T17:24:30","guid":{"rendered":"https:\/\/www.mammamiaart.com\/?post_type=product&#038;p=2518"},"modified":"2022-03-02T12:07:08","modified_gmt":"2022-03-02T12:07:08","slug":"mammamia-trenerka-copy-copy-2","status":"publish","type":"product","link":"https:\/\/www.mammamiaart.com\/hr\/proizvod\/mammamia-trenerka-copy-copy-2\/","title":{"rendered":"Trenerka SPACE"},"content":{"rendered":"","protected":false},"excerpt":{"rendered":"<p>Na\u0161e nove trenirke napravljene su za pokazivanje. Svojom jedinstvenom strukturom i dizajnom izvest \u0107e vas iz zone udobnosti i natjerati da se veselite svakoj prilici u kojoj mo\u017eete nositi ovu kombinaciju. Ru\u010dno bojani uzorci daju jo\u0161 jednu dimenziju ovom setu, \u010dine\u0107i da se isti\u010dete u gomili. Dakle, na\u0161 savjet je #daretobedifferent!<\/p>\n<p>&nbsp;<\/p>\n<p>Detalji o proizvodu:<\/p>\n<p>sastav: 90% pamuk, 10% poliester<\/p>\n<p>odr\u017eavanje proizvoda: prati na 30\u00b0<\/p>\n<p>veli\u010dina: S<\/p>\n<p>kontaktirajte nas u vezi informacija o veli\u010dinama<\/p>\n<p>&nbsp;<\/p>\n<p>napomena: boje na fotografiji mogu malo odstupati od boja u\u017eivo<\/p>\n<p>visina modela: 172 cm<\/p>\n<p>&nbsp;<\/p>\n","protected":false},"featured_media":2530,"comment_status":"open","ping_status":"closed","template":"","meta":[],"product_brand":[],"product_cat":[52,76],"product_tag":[],"class_list":{"0":"post-2518","1":"product","2":"type-product","3":"status-publish","4":"has-post-thumbnail","6":"product_cat-odjeca","7":"product_cat-trenerke","9":"first","10":"outofstock","11":"taxable","12":"shipping-taxable","13":"purchasable","14":"product-type-simple"},"_links":{"self":[{"href":"https:\/\/www.mammamiaart.com\/hr\/wp-json\/wp\/v2\/product\/2518","targetHints":{"allow":["GET"]}}],"collection":[{"href":"https:\/\/www.mammamiaart.com\/hr\/wp-json\/wp\/v2\/product"}],"about":[{"href":"https:\/\/www.mammamiaart.com\/hr\/wp-json\/wp\/v2\/types\/product"}],"replies":[{"embeddable":true,"href":"https:\/\/www.mammamiaart.com\/hr\/wp-json\/wp\/v2\/comments?post=2518"}],"wp:featuredmedia":[{"embeddable":true,"href":"https:\/\/www.mammamiaart.com\/hr\/wp-json\/wp\/v2\/media\/2530"}],"wp:attachment":[{"href":"https:\/\/www.mammamiaart.com\/hr\/wp-json\/wp\/v2\/media?parent=2518"}],"wp:term":[{"taxonomy":"product_brand","embeddable":true,"href":"https:\/\/www.mammamiaart.com\/hr\/wp-json\/wp\/v2\/product_brand?post=2518"},{"taxonomy":"product_cat","embeddable":true,"href":"https:\/\/www.mammamiaart.com\/hr\/wp-json\/wp\/v2\/product_cat?post=2518"},{"taxonomy":"product_tag","embeddable":true,"href":"https:\/\/www.mammamiaart.com\/hr\/wp-json\/wp\/v2\/product_tag?post=2518"}],"curies":[{"name":"wp","href":"https:\/\/api.w.org\/{rel}","templated":true}]}}