{"id":2453,"date":"2022-02-14T16:57:47","date_gmt":"2022-02-14T16:57:47","guid":{"rendered":"https:\/\/www.mammamiaart.com\/?post_type=product&#038;p=2453"},"modified":"2024-01-18T18:57:27","modified_gmt":"2024-01-18T18:57:27","slug":"tunika-haljina-crazy-colors-copy-9","status":"publish","type":"product","link":"https:\/\/www.mammamiaart.com\/hr\/proizvod\/tunika-haljina-crazy-colors-copy-9\/","title":{"rendered":"Tunika\/Haljina CRAZY COLORS"},"content":{"rendered":"","protected":false},"excerpt":{"rendered":"<p id=\"tw-target-text\" class=\"tw-data-text tw-text-large tw-ta\" dir=\"ltr\" data-placeholder=\"Translation\"><span class=\"Y2IQFc\" lang=\"hr\">Spojili smo ugodno s korisnim i stvorili ovu lijepu i klasi\u010dnu tuniku\/haljinu koja se mo\u017ee nositi na razli\u010dite na\u010dine. Iako je kolekcija nazvana Crazy Colors, ovaj komad je za one koji ne preferiraju boje i vole ostati u svojoj zoni komfora. Multifunkcionalna odje\u0107a omogu\u0107uje vam da isti komad nosite na vi\u0161e na\u010dina i tako rekreirate kombinacije po svom ukusu.<\/span><\/p>\n<p>&nbsp;<\/p>\n<p>Detalji o proizvodu:<\/p>\n<p>sastav: 85% viskoza, 15% elastin<\/p>\n<p>odr\u017eavanje proizvoda: prati na 30\u00b0<\/p>\n<p>veli\u010dina: univerzalna<\/p>\n<p>kontaktirajte nas u vezi izrade po narud\u017ebi i informacija o veli\u010dinama<\/p>\n<p>&nbsp;<\/p>\n<p>napomena: boje na fotografiji mogu malo odstupati od boja u\u017eivo<\/p>\n<p>visina modela: 172 cm<\/p>\n<p>&nbsp;<\/p>\n","protected":false},"featured_media":2419,"comment_status":"open","ping_status":"closed","template":"","meta":[],"product_brand":[],"product_cat":[52,97],"product_tag":[],"class_list":{"0":"post-2453","1":"product","2":"type-product","3":"status-publish","4":"has-post-thumbnail","6":"product_cat-odjeca","7":"product_cat-prsluci","9":"first","10":"outofstock","11":"taxable","12":"shipping-taxable","13":"purchasable","14":"product-type-simple"},"_links":{"self":[{"href":"https:\/\/www.mammamiaart.com\/hr\/wp-json\/wp\/v2\/product\/2453","targetHints":{"allow":["GET"]}}],"collection":[{"href":"https:\/\/www.mammamiaart.com\/hr\/wp-json\/wp\/v2\/product"}],"about":[{"href":"https:\/\/www.mammamiaart.com\/hr\/wp-json\/wp\/v2\/types\/product"}],"replies":[{"embeddable":true,"href":"https:\/\/www.mammamiaart.com\/hr\/wp-json\/wp\/v2\/comments?post=2453"}],"wp:featuredmedia":[{"embeddable":true,"href":"https:\/\/www.mammamiaart.com\/hr\/wp-json\/wp\/v2\/media\/2419"}],"wp:attachment":[{"href":"https:\/\/www.mammamiaart.com\/hr\/wp-json\/wp\/v2\/media?parent=2453"}],"wp:term":[{"taxonomy":"product_brand","embeddable":true,"href":"https:\/\/www.mammamiaart.com\/hr\/wp-json\/wp\/v2\/product_brand?post=2453"},{"taxonomy":"product_cat","embeddable":true,"href":"https:\/\/www.mammamiaart.com\/hr\/wp-json\/wp\/v2\/product_cat?post=2453"},{"taxonomy":"product_tag","embeddable":true,"href":"https:\/\/www.mammamiaart.com\/hr\/wp-json\/wp\/v2\/product_tag?post=2453"}],"curies":[{"name":"wp","href":"https:\/\/api.w.org\/{rel}","templated":true}]}}