{"id":2197,"date":"2022-01-28T13:09:57","date_gmt":"2022-01-28T13:09:57","guid":{"rendered":"https:\/\/www.mammamiaart.com\/?post_type=product&#038;p=2197"},"modified":"2022-02-24T15:38:15","modified_gmt":"2022-02-24T15:38:15","slug":"suknja-crazy-colors-copy","status":"publish","type":"product","link":"https:\/\/www.mammamiaart.com\/hr\/proizvod\/suknja-crazy-colors-copy\/","title":{"rendered":"Haljina ART 1"},"content":{"rendered":"","protected":false},"excerpt":{"rendered":"<p>Na\u0161a ART 1 haljina je uistinu umjetni\u010dko djelo. Ovaj komad se mo\u017ee iskoristiti za gotovo svaku prigodu. Mo\u017eete ga nositi le\u017eerno uz neke tajice, \u010dizme i cool jaknu, ili mo\u017eete podi\u0107i kombinaciju s lijepim \u0161tiklama i elegantanim kaputom. Pogodan je za svako godi\u0161nje doba, jer se mogu dodavati slojevi ispod ili preko. Neonsko \u017euti i zeleni ru\u010dno oslikani uzorci daju mu onaj poseban MammaMia \u0161tih zbog kojeg \u0107ete se sigurno istaknuti u gomili.<\/p>\n<p>&nbsp;<\/p>\n<p>Detalji o proizvodu:<\/p>\n<p>sastav: 85% viskoza, 15% elastin, poliester &#8211; remen i ovratnik<\/p>\n<p>odr\u017eavanje proizvoda: prati na 30\u00b0<\/p>\n<p>veli\u010dina: univerzalna<\/p>\n<p>kontaktirajte nas u vezi izrade po narud\u017ebi i informacija o veli\u010dinama<\/p>\n<p>&nbsp;<\/p>\n<p>napomena: boje na fotografiji mogu malo odstupati od boja u\u017eivo<\/p>\n<p>visina modela: 168 cm<\/p>\n<p>&nbsp;<\/p>\n","protected":false},"featured_media":2089,"comment_status":"open","ping_status":"closed","template":"","meta":[],"product_brand":[],"product_cat":[53,52],"product_tag":[],"class_list":{"0":"post-2197","1":"product","2":"type-product","3":"status-publish","4":"has-post-thumbnail","6":"product_cat-haljine","7":"product_cat-odjeca","9":"first","10":"outofstock","11":"taxable","12":"shipping-taxable","13":"purchasable","14":"product-type-simple"},"_links":{"self":[{"href":"https:\/\/www.mammamiaart.com\/hr\/wp-json\/wp\/v2\/product\/2197","targetHints":{"allow":["GET"]}}],"collection":[{"href":"https:\/\/www.mammamiaart.com\/hr\/wp-json\/wp\/v2\/product"}],"about":[{"href":"https:\/\/www.mammamiaart.com\/hr\/wp-json\/wp\/v2\/types\/product"}],"replies":[{"embeddable":true,"href":"https:\/\/www.mammamiaart.com\/hr\/wp-json\/wp\/v2\/comments?post=2197"}],"wp:featuredmedia":[{"embeddable":true,"href":"https:\/\/www.mammamiaart.com\/hr\/wp-json\/wp\/v2\/media\/2089"}],"wp:attachment":[{"href":"https:\/\/www.mammamiaart.com\/hr\/wp-json\/wp\/v2\/media?parent=2197"}],"wp:term":[{"taxonomy":"product_brand","embeddable":true,"href":"https:\/\/www.mammamiaart.com\/hr\/wp-json\/wp\/v2\/product_brand?post=2197"},{"taxonomy":"product_cat","embeddable":true,"href":"https:\/\/www.mammamiaart.com\/hr\/wp-json\/wp\/v2\/product_cat?post=2197"},{"taxonomy":"product_tag","embeddable":true,"href":"https:\/\/www.mammamiaart.com\/hr\/wp-json\/wp\/v2\/product_tag?post=2197"}],"curies":[{"name":"wp","href":"https:\/\/api.w.org\/{rel}","templated":true}]}}