{"id":1657,"date":"2022-01-20T13:53:14","date_gmt":"2022-01-20T13:53:14","guid":{"rendered":"https:\/\/www.mammamiaart.com\/?post_type=product&#038;p=1657"},"modified":"2024-01-25T08:39:19","modified_gmt":"2024-01-25T08:39:19","slug":"clutch-and-waist-bag-sky-copy","status":"publish","type":"product","link":"https:\/\/www.mammamiaart.com\/hr\/proizvod\/clutch-and-waist-bag-sky-copy\/","title":{"rendered":"Torbica CLUTCH AND WAIST"},"content":{"rendered":"","protected":false},"excerpt":{"rendered":"<p>Ova vi\u0161enamjenska torbica utjelovljuje sve za \u0161to se zala\u017eemo: izvrstan dizajn i prakti\u010dnost. Mo\u017ee se nositi na tri na\u010dina: kao koktel torbica koja se nosi u ruci, oko struka s podesivim remenom ili preko ramena sa srebrnim lancima. Uz jedinstvenu teksturu i visokokvalitetne materijale, ova vi\u0161enamjenska torba dolazi s odgovaraju\u0107im etuijem. Srebrne lance mo\u017eete dodati kako bi svom looku dodali malo sjaja ili ih ukloniti kako biste postigli ne\u0161to le\u017eerniji i suptilniji izgled. Ako tra\u017eite svestran, ali klasi\u010dan komad, ne tra\u017eite dalje! Mo\u017ee s vama i na lude zabave i u svakodnevne \u0161etnje.<\/p>\n<p>&nbsp;<\/p>\n<p>Detalji o proizvodu:<\/p>\n<p>dimenzije: visina 12 cm \u2013 du\u017eina 19 cm \u2013 \u0161irina 4,5 cm<\/p>\n<p>sastav: ko\u017ea<\/p>\n<p>odr\u017eavanje: prebrisati pamu\u010dnom krpicom ili vatom<\/p>\n<p>kontaktirajte nas u vezi izrade po narud\u017ebi i ostalih informacija<\/p>\n","protected":false},"featured_media":1388,"comment_status":"open","ping_status":"closed","template":"","meta":[],"product_brand":[],"product_cat":[70,93,48],"product_tag":[],"class_list":{"0":"post-1657","1":"product","2":"type-product","3":"status-publish","4":"has-post-thumbnail","6":"product_cat-koktel-i-oko-struka","7":"product_cat-outlet-hr","8":"product_cat-torbe","10":"first","11":"instock","12":"sale","13":"taxable","14":"shipping-taxable","15":"purchasable","16":"product-type-simple"},"_links":{"self":[{"href":"https:\/\/www.mammamiaart.com\/hr\/wp-json\/wp\/v2\/product\/1657","targetHints":{"allow":["GET"]}}],"collection":[{"href":"https:\/\/www.mammamiaart.com\/hr\/wp-json\/wp\/v2\/product"}],"about":[{"href":"https:\/\/www.mammamiaart.com\/hr\/wp-json\/wp\/v2\/types\/product"}],"replies":[{"embeddable":true,"href":"https:\/\/www.mammamiaart.com\/hr\/wp-json\/wp\/v2\/comments?post=1657"}],"wp:featuredmedia":[{"embeddable":true,"href":"https:\/\/www.mammamiaart.com\/hr\/wp-json\/wp\/v2\/media\/1388"}],"wp:attachment":[{"href":"https:\/\/www.mammamiaart.com\/hr\/wp-json\/wp\/v2\/media?parent=1657"}],"wp:term":[{"taxonomy":"product_brand","embeddable":true,"href":"https:\/\/www.mammamiaart.com\/hr\/wp-json\/wp\/v2\/product_brand?post=1657"},{"taxonomy":"product_cat","embeddable":true,"href":"https:\/\/www.mammamiaart.com\/hr\/wp-json\/wp\/v2\/product_cat?post=1657"},{"taxonomy":"product_tag","embeddable":true,"href":"https:\/\/www.mammamiaart.com\/hr\/wp-json\/wp\/v2\/product_tag?post=1657"}],"curies":[{"name":"wp","href":"https:\/\/api.w.org\/{rel}","templated":true}]}}