{"id":16460,"date":"2026-02-25T13:50:02","date_gmt":"2026-02-25T13:50:02","guid":{"rendered":"https:\/\/www.mammamiaart.com\/product\/kravata-mammamia-15\/"},"modified":"2026-02-25T13:51:32","modified_gmt":"2026-02-25T13:51:32","slug":"kravata-mammamia-15","status":"publish","type":"product","link":"https:\/\/www.mammamiaart.com\/hr\/proizvod\/kravata-mammamia-15\/","title":{"rendered":"Kravata MAMMAMIA"},"content":{"rendered":"","protected":false},"excerpt":{"rendered":"<p>Detalji proizvoda:<\/p>\n<p> njega proizvoda: ru\u010dno pranje<\/p>\n<p> veli\u010dina: univerzalna<\/p>\n<p> kontaktirajte nas za narud\u017ebe po mjeri i vi\u0161e informacija o veli\u010dinama<\/p>\n<p> odricanje od odgovornosti: boje na fotografiji mogu malo odstupati od boja u\u017eivo<\/p>\n","protected":false},"featured_media":16676,"comment_status":"open","ping_status":"closed","template":"","meta":[],"product_brand":[],"product_cat":[119,52],"product_tag":[],"class_list":{"0":"post-16460","1":"product","2":"type-product","3":"status-publish","4":"has-post-thumbnail","6":"product_cat-kravata","7":"product_cat-odjeca","9":"first","10":"instock","11":"taxable","12":"shipping-taxable","13":"purchasable","14":"product-type-simple"},"_links":{"self":[{"href":"https:\/\/www.mammamiaart.com\/hr\/wp-json\/wp\/v2\/product\/16460","targetHints":{"allow":["GET"]}}],"collection":[{"href":"https:\/\/www.mammamiaart.com\/hr\/wp-json\/wp\/v2\/product"}],"about":[{"href":"https:\/\/www.mammamiaart.com\/hr\/wp-json\/wp\/v2\/types\/product"}],"replies":[{"embeddable":true,"href":"https:\/\/www.mammamiaart.com\/hr\/wp-json\/wp\/v2\/comments?post=16460"}],"wp:featuredmedia":[{"embeddable":true,"href":"https:\/\/www.mammamiaart.com\/hr\/wp-json\/wp\/v2\/media\/16676"}],"wp:attachment":[{"href":"https:\/\/www.mammamiaart.com\/hr\/wp-json\/wp\/v2\/media?parent=16460"}],"wp:term":[{"taxonomy":"product_brand","embeddable":true,"href":"https:\/\/www.mammamiaart.com\/hr\/wp-json\/wp\/v2\/product_brand?post=16460"},{"taxonomy":"product_cat","embeddable":true,"href":"https:\/\/www.mammamiaart.com\/hr\/wp-json\/wp\/v2\/product_cat?post=16460"},{"taxonomy":"product_tag","embeddable":true,"href":"https:\/\/www.mammamiaart.com\/hr\/wp-json\/wp\/v2\/product_tag?post=16460"}],"curies":[{"name":"wp","href":"https:\/\/api.w.org\/{rel}","templated":true}]}}