{"id":16057,"date":"2026-02-05T12:02:23","date_gmt":"2026-02-05T12:02:23","guid":{"rendered":"https:\/\/www.mammamiaart.com\/product\/kosulja-collar-2\/"},"modified":"2026-03-30T16:30:02","modified_gmt":"2026-03-30T16:30:02","slug":"kosulja-collar-2","status":"publish","type":"product","link":"https:\/\/www.mammamiaart.com\/hr\/proizvod\/kosulja-collar-2\/","title":{"rendered":"Ko\u0161ulja COLLAR"},"content":{"rendered":"","protected":false},"excerpt":{"rendered":"<p>Detalji o proizvodu:<\/p>\n<p>Sastav: 98% pamuk, 2% elastin<\/p>\n<p>Njega proizvoda: pranje na 30\u00b0<\/p>\n<p>veli\u010dina: S, M i L<\/p>\n<p>Kontaktirajte nas za narud\u017ebe po mjeri i vi\u0161e informacija o veli\u010dinama<\/p>\n<p>odricanje od odgovornosti: boje na fotografiji mogu se malo razlikovati od boja u\u017eivo<\/p>\n","protected":false},"featured_media":16687,"comment_status":"open","ping_status":"closed","template":"","meta":[],"product_brand":[],"product_cat":[99,52],"product_tag":[],"class_list":{"0":"post-16057","1":"product","2":"type-product","3":"status-publish","4":"has-post-thumbnail","6":"product_cat-majice","7":"product_cat-odjeca","9":"first","10":"instock","11":"taxable","12":"shipping-taxable","13":"purchasable","14":"product-type-simple"},"_links":{"self":[{"href":"https:\/\/www.mammamiaart.com\/hr\/wp-json\/wp\/v2\/product\/16057","targetHints":{"allow":["GET"]}}],"collection":[{"href":"https:\/\/www.mammamiaart.com\/hr\/wp-json\/wp\/v2\/product"}],"about":[{"href":"https:\/\/www.mammamiaart.com\/hr\/wp-json\/wp\/v2\/types\/product"}],"replies":[{"embeddable":true,"href":"https:\/\/www.mammamiaart.com\/hr\/wp-json\/wp\/v2\/comments?post=16057"}],"wp:featuredmedia":[{"embeddable":true,"href":"https:\/\/www.mammamiaart.com\/hr\/wp-json\/wp\/v2\/media\/16687"}],"wp:attachment":[{"href":"https:\/\/www.mammamiaart.com\/hr\/wp-json\/wp\/v2\/media?parent=16057"}],"wp:term":[{"taxonomy":"product_brand","embeddable":true,"href":"https:\/\/www.mammamiaart.com\/hr\/wp-json\/wp\/v2\/product_brand?post=16057"},{"taxonomy":"product_cat","embeddable":true,"href":"https:\/\/www.mammamiaart.com\/hr\/wp-json\/wp\/v2\/product_cat?post=16057"},{"taxonomy":"product_tag","embeddable":true,"href":"https:\/\/www.mammamiaart.com\/hr\/wp-json\/wp\/v2\/product_tag?post=16057"}],"curies":[{"name":"wp","href":"https:\/\/api.w.org\/{rel}","templated":true}]}}