{"id":15627,"date":"2025-12-12T13:22:02","date_gmt":"2025-12-12T13:22:02","guid":{"rendered":"https:\/\/www.mammamiaart.com\/product\/tunika-neo-10\/"},"modified":"2025-12-12T13:23:34","modified_gmt":"2025-12-12T13:23:34","slug":"tunika-neo-10","status":"publish","type":"product","link":"https:\/\/www.mammamiaart.com\/hr\/proizvod\/tunika-neo-10\/","title":{"rendered":"Tunika NEO"},"content":{"rendered":"","protected":false},"excerpt":{"rendered":"<p>Detalji proizvoda:<\/p>\n<p> tekstura: 60% viskoza, 35% poliamid, 5% elastin<\/p>\n<p> njega proizvoda: pranje na 30\u00b0<\/p>\n<p> veli\u010dina: univerzalna<\/p>\n<p> kontaktirajte nas za narud\u017ebe po mjeri i vi\u0161e informacija o veli\u010dinama<\/p>\n<p> odricanje od odgovornosti: boje na fotografiji mogu malo odstupati od boja u\u017eivo<\/p>\n","protected":false},"featured_media":15604,"comment_status":"open","ping_status":"closed","template":"","meta":[],"product_brand":[],"product_cat":[93],"product_tag":[],"class_list":{"0":"post-15627","1":"product","2":"type-product","3":"status-publish","4":"has-post-thumbnail","6":"product_cat-outlet-hr","8":"first","9":"instock","10":"sale","11":"taxable","12":"shipping-taxable","13":"purchasable","14":"product-type-simple"},"_links":{"self":[{"href":"https:\/\/www.mammamiaart.com\/hr\/wp-json\/wp\/v2\/product\/15627","targetHints":{"allow":["GET"]}}],"collection":[{"href":"https:\/\/www.mammamiaart.com\/hr\/wp-json\/wp\/v2\/product"}],"about":[{"href":"https:\/\/www.mammamiaart.com\/hr\/wp-json\/wp\/v2\/types\/product"}],"replies":[{"embeddable":true,"href":"https:\/\/www.mammamiaart.com\/hr\/wp-json\/wp\/v2\/comments?post=15627"}],"wp:featuredmedia":[{"embeddable":true,"href":"https:\/\/www.mammamiaart.com\/hr\/wp-json\/wp\/v2\/media\/15604"}],"wp:attachment":[{"href":"https:\/\/www.mammamiaart.com\/hr\/wp-json\/wp\/v2\/media?parent=15627"}],"wp:term":[{"taxonomy":"product_brand","embeddable":true,"href":"https:\/\/www.mammamiaart.com\/hr\/wp-json\/wp\/v2\/product_brand?post=15627"},{"taxonomy":"product_cat","embeddable":true,"href":"https:\/\/www.mammamiaart.com\/hr\/wp-json\/wp\/v2\/product_cat?post=15627"},{"taxonomy":"product_tag","embeddable":true,"href":"https:\/\/www.mammamiaart.com\/hr\/wp-json\/wp\/v2\/product_tag?post=15627"}],"curies":[{"name":"wp","href":"https:\/\/api.w.org\/{rel}","templated":true}]}}