{"id":15567,"date":"2025-12-10T10:33:35","date_gmt":"2025-12-10T10:33:35","guid":{"rendered":"https:\/\/www.mammamiaart.com\/product\/tunika-avangard\/"},"modified":"2025-12-10T10:34:01","modified_gmt":"2025-12-10T10:34:01","slug":"tunika-avangard","status":"publish","type":"product","link":"https:\/\/www.mammamiaart.com\/hr\/proizvod\/tunika-avangard\/","title":{"rendered":"Tunika AVANGARD"},"content":{"rendered":"","protected":false},"excerpt":{"rendered":"<p>Detalji o proizvodu:<\/p>\n<p> Sastav: 100% poliester<\/p>\n<p> Njega proizvoda: pranje na 30\u00b0<\/p>\n<p> veli\u010dina: univerzalna<\/p>\n<p> Kontaktirajte nas za narud\u017ebe po mjeri i vi\u0161e informacija o veli\u010dinama<\/p>\n<p> odricanje od odgovornosti: boje na fotografiji mogu se malo razlikovati od boje u\u017eivo<\/p>\n","protected":false},"featured_media":15571,"comment_status":"open","ping_status":"closed","template":"","meta":[],"product_brand":[],"product_cat":[52,97],"product_tag":[],"class_list":{"0":"post-15567","1":"product","2":"type-product","3":"status-publish","4":"has-post-thumbnail","6":"product_cat-odjeca","7":"product_cat-prsluci","9":"first","10":"instock","11":"taxable","12":"shipping-taxable","13":"purchasable","14":"product-type-simple"},"_links":{"self":[{"href":"https:\/\/www.mammamiaart.com\/hr\/wp-json\/wp\/v2\/product\/15567","targetHints":{"allow":["GET"]}}],"collection":[{"href":"https:\/\/www.mammamiaart.com\/hr\/wp-json\/wp\/v2\/product"}],"about":[{"href":"https:\/\/www.mammamiaart.com\/hr\/wp-json\/wp\/v2\/types\/product"}],"replies":[{"embeddable":true,"href":"https:\/\/www.mammamiaart.com\/hr\/wp-json\/wp\/v2\/comments?post=15567"}],"wp:featuredmedia":[{"embeddable":true,"href":"https:\/\/www.mammamiaart.com\/hr\/wp-json\/wp\/v2\/media\/15571"}],"wp:attachment":[{"href":"https:\/\/www.mammamiaart.com\/hr\/wp-json\/wp\/v2\/media?parent=15567"}],"wp:term":[{"taxonomy":"product_brand","embeddable":true,"href":"https:\/\/www.mammamiaart.com\/hr\/wp-json\/wp\/v2\/product_brand?post=15567"},{"taxonomy":"product_cat","embeddable":true,"href":"https:\/\/www.mammamiaart.com\/hr\/wp-json\/wp\/v2\/product_cat?post=15567"},{"taxonomy":"product_tag","embeddable":true,"href":"https:\/\/www.mammamiaart.com\/hr\/wp-json\/wp\/v2\/product_tag?post=15567"}],"curies":[{"name":"wp","href":"https:\/\/api.w.org\/{rel}","templated":true}]}}