{"id":11882,"date":"2025-02-28T12:31:30","date_gmt":"2025-02-28T12:31:55","guid":{"rendered":"https:\/\/www.mammamiaart.com\/product\/torba-longplay\/"},"modified":"2025-02-28T12:31:55","modified_gmt":"2025-02-28T12:31:55","slug":"torba-longplay","status":"publish","type":"product","link":"https:\/\/www.mammamiaart.com\/hr\/proizvod\/torba-longplay\/","title":{"rendered":"Torba LONGPLAY"},"content":{"rendered":"","protected":false},"excerpt":{"rendered":"<p>Detalji proizvoda:<\/p>\n<p> tekstura: vinil, eko ko\u017ea, prava ko\u017ea, nehr\u0111aju\u0107i \u010delik<\/p>\n<p> Njega proizvoda: nje\u017eno brisati pamu\u010dnom krpom, dr\u017eati podalje od visokih temperatura<\/p>\n<p> odricanje od odgovornosti: boje na fotografiji mogu malo odstupati od boja u\u017eivo<\/p>\n","protected":false},"featured_media":11880,"comment_status":"open","ping_status":"closed","template":"","meta":[],"product_brand":[],"product_cat":[49,48],"product_tag":[],"class_list":{"0":"post-11882","1":"product","2":"type-product","3":"status-publish","4":"has-post-thumbnail","6":"product_cat-gramofonke","7":"product_cat-torbe","9":"first","10":"instock","11":"taxable","12":"shipping-taxable","13":"purchasable","14":"product-type-simple"},"_links":{"self":[{"href":"https:\/\/www.mammamiaart.com\/hr\/wp-json\/wp\/v2\/product\/11882","targetHints":{"allow":["GET"]}}],"collection":[{"href":"https:\/\/www.mammamiaart.com\/hr\/wp-json\/wp\/v2\/product"}],"about":[{"href":"https:\/\/www.mammamiaart.com\/hr\/wp-json\/wp\/v2\/types\/product"}],"replies":[{"embeddable":true,"href":"https:\/\/www.mammamiaart.com\/hr\/wp-json\/wp\/v2\/comments?post=11882"}],"wp:featuredmedia":[{"embeddable":true,"href":"https:\/\/www.mammamiaart.com\/hr\/wp-json\/wp\/v2\/media\/11880"}],"wp:attachment":[{"href":"https:\/\/www.mammamiaart.com\/hr\/wp-json\/wp\/v2\/media?parent=11882"}],"wp:term":[{"taxonomy":"product_brand","embeddable":true,"href":"https:\/\/www.mammamiaart.com\/hr\/wp-json\/wp\/v2\/product_brand?post=11882"},{"taxonomy":"product_cat","embeddable":true,"href":"https:\/\/www.mammamiaart.com\/hr\/wp-json\/wp\/v2\/product_cat?post=11882"},{"taxonomy":"product_tag","embeddable":true,"href":"https:\/\/www.mammamiaart.com\/hr\/wp-json\/wp\/v2\/product_tag?post=11882"}],"curies":[{"name":"wp","href":"https:\/\/api.w.org\/{rel}","templated":true}]}}