{"id":1911,"date":"2022-01-26T13:54:38","date_gmt":"2022-01-26T13:54:38","guid":{"rendered":"https:\/\/www.mammamiaart.com\/blog\/"},"modified":"2022-03-10T19:37:59","modified_gmt":"2022-03-10T19:37:59","slug":"blog","status":"publish","type":"page","link":"https:\/\/www.mammamiaart.com\/hr\/blog\/","title":{"rendered":"Blog"},"content":{"rendered":"  <style>\n    #row-808022475 .grid-col-1{height: 400px}\n    #row-808022475 .grid-col-1-2{height: 200px}\n    #row-808022475 .grid-col-1-3{height:133.33333333333px}\n    #row-808022475 .grid-col-2-3{height: 266.66666666667px}\n    #row-808022475 .grid-col-1-4{height: 100px}\n    #row-808022475 .grid-col-3-4{height: 300px}\n\n\n        \/* Tablet *\/\n    @media (max-width: 850px){\n      #row-808022475 .grid-col-1{height: 266.66666666667px}\n      #row-808022475 .grid-col-1-2{height: 133.33333333333px}\n      #row-808022475 .grid-col-1-3{height:88.888888888889px}\n      #row-808022475 .grid-col-2-3{height: 177.77777777778px}\n      #row-808022475 .grid-col-1-4{height: 66.666666666667px}\n      #row-808022475 .grid-col-3-4{height: 200px}\n    }\n    \n        \/* Mobile *\/\n    @media (max-width: 550px){\n      #row-808022475 .grid-col-1{height: 266.66666666667px}\n      #row-808022475 .grid-col-1-2{height: 133.33333333333px}\n      #row-808022475 .grid-col-1-3{height:88.888888888889px}\n      #row-808022475 .grid-col-2-3{height: 177.77777777778px}\n      #row-808022475 .grid-col-1-4{height: 66.666666666667px}\n      #row-808022475 .grid-col-3-4{height: 200px}\n    }\n    \n\n  <\/style>\n  \n  \n    <div id=\"row-808022475\" class=\"row has-shadow row-box-shadow-1 row-grid\" data-packery-options='{\"itemSelector\": \".col\", \"gutter\": 0, \"presentageWidth\" : true}'>\n\n  <div class=\"col post-item grid-col grid-col-1 large-4 medium-6\" >\n\t\t\t<div class=\"col-inner\">\n\t\t\t\t<div class=\"box box-shade dark box-text-bottom box-blog-post has-hover\">\n            \t\t\t\t\t<div class=\"box-image\" >\n  \t\t\t\t\t\t<div class=\"image-cover\" style=\"padding-top:56%;\">\n\t\t\t\t\t\t\t<a href=\"https:\/\/www.mammamiaart.com\/hr\/odrziva-moda\/\" class=\"plain\" aria-label=\"Odr\u017eiva moda\">\n\t\t\t\t\t\t\t\t<img decoding=\"async\" width=\"1020\" height=\"574\" src=\"https:\/\/www.mammamiaart.com\/wp-content\/uploads\/2022\/03\/Blog-MM-Art-1-1024x576.jpg\" class=\"attachment-large size-large wp-post-image\" alt=\"\" srcset=\"https:\/\/www.mammamiaart.com\/wp-content\/uploads\/2022\/03\/Blog-MM-Art-1-1024x576.jpg 1024w, https:\/\/www.mammamiaart.com\/wp-content\/uploads\/2022\/03\/Blog-MM-Art-1-510x287.jpg 510w, https:\/\/www.mammamiaart.com\/wp-content\/uploads\/2022\/03\/Blog-MM-Art-1-300x169.jpg 300w, https:\/\/www.mammamiaart.com\/wp-content\/uploads\/2022\/03\/Blog-MM-Art-1-768x432.jpg 768w, https:\/\/www.mammamiaart.com\/wp-content\/uploads\/2022\/03\/Blog-MM-Art-1-247x139.jpg 247w, https:\/\/www.mammamiaart.com\/wp-content\/uploads\/2022\/03\/Blog-MM-Art-1.jpg 1200w\" sizes=\"(max-width: 1020px) 100vw, 1020px\" \/>\t\t\t\t\t\t\t<\/a>\n  \t\t\t\t\t\t\t  \t\t\t\t\t\t\t<div class=\"shade\"><\/div>  \t\t\t\t\t\t<\/div>\n  \t\t\t\t\t\t  \t\t\t\t\t<\/div>\n          \t\t\t\t\t<div class=\"box-text text-center\" >\n\t\t\t\t\t<div class=\"box-text-inner blog-post-inner\">\n\n\t\t\t\t\t\n\t\t\t\t\t\t\t\t\t\t<h5 class=\"post-title is-larger uppercase\">\n\t\t\t\t\t\t<a href=\"https:\/\/www.mammamiaart.com\/hr\/odrziva-moda\/\" class=\"plain\">Odr\u017eiva moda<\/a>\n\t\t\t\t\t<\/h5>\n\t\t\t\t\t\t\t\t\t\t<div class=\"is-divider\"><\/div>\n\t\t\t\t\t\t\t\t\t\t<p class=\"from_the_blog_excerpt show-on-hover hover-reveal\">\n\t\t\t\t\t\t\u0160to je &#8220;odr\u017eiva moda&#8221; i za\u0161to je bitna u 21.stolje\u0107u? Odr\u017eiva moda odnosi se na [...]\t\t\t\t\t<\/p>\n\t\t\t\t\t                    \n\t\t\t\t\t\t\t\t\t\t\t<a href=\"https:\/\/www.mammamiaart.com\/hr\/odrziva-moda\/\" class=\"button  is-outline is-small mb-0\">\n\t\t\t\t\t\t\tSaznajte vi\u0161e\t\t\t\t\t\t<\/a>\n\t\t\t\t\t\n\t\t\t\t\t\n\t\t\t\t\t<\/div>\n\t\t\t\t\t<\/div>\n\t\t\t\t\t\t\t\t\t<\/div>\n\t\t\t<\/div>\n\t\t<\/div><div class=\"col post-item grid-col grid-col-1 large-4 medium-6\" >\n\t\t\t<div class=\"col-inner\">\n\t\t\t\t<div class=\"box box-shade dark box-text-bottom box-blog-post has-hover\">\n            \t\t\t\t\t<div class=\"box-image\" >\n  \t\t\t\t\t\t<div class=\"image-cover\" style=\"padding-top:56%;\">\n\t\t\t\t\t\t\t<a href=\"https:\/\/www.mammamiaart.com\/hr\/mammamia-art-ti-predstavlja-svoj-novi-webshop\/\" class=\"plain\" aria-label=\"MammaMia Art ti predstavlja svoj novi webshop\">\n\t\t\t\t\t\t\t\t<img decoding=\"async\" width=\"1020\" height=\"680\" src=\"https:\/\/www.mammamiaart.com\/wp-content\/uploads\/2022\/01\/head-image1-1024x683-1.jpg\" class=\"attachment-large size-large wp-post-image\" alt=\"\" srcset=\"https:\/\/www.mammamiaart.com\/wp-content\/uploads\/2022\/01\/head-image1-1024x683-1.jpg 1024w, https:\/\/www.mammamiaart.com\/wp-content\/uploads\/2022\/01\/head-image1-1024x683-1-510x340.jpg 510w, https:\/\/www.mammamiaart.com\/wp-content\/uploads\/2022\/01\/head-image1-1024x683-1-300x200.jpg 300w, https:\/\/www.mammamiaart.com\/wp-content\/uploads\/2022\/01\/head-image1-1024x683-1-768x512.jpg 768w, https:\/\/www.mammamiaart.com\/wp-content\/uploads\/2022\/01\/head-image1-1024x683-1-247x165.jpg 247w\" sizes=\"(max-width: 1020px) 100vw, 1020px\" \/>\t\t\t\t\t\t\t<\/a>\n  \t\t\t\t\t\t\t  \t\t\t\t\t\t\t<div class=\"shade\"><\/div>  \t\t\t\t\t\t<\/div>\n  \t\t\t\t\t\t  \t\t\t\t\t<\/div>\n          \t\t\t\t\t<div class=\"box-text text-center\" >\n\t\t\t\t\t<div class=\"box-text-inner blog-post-inner\">\n\n\t\t\t\t\t\n\t\t\t\t\t\t\t\t\t\t<h5 class=\"post-title is-larger uppercase\">\n\t\t\t\t\t\t<a href=\"https:\/\/www.mammamiaart.com\/hr\/mammamia-art-ti-predstavlja-svoj-novi-webshop\/\" class=\"plain\">MammaMia Art ti predstavlja svoj novi webshop<\/a>\n\t\t\t\t\t<\/h5>\n\t\t\t\t\t\t\t\t\t\t<div class=\"is-divider\"><\/div>\n\t\t\t\t\t\t\t\t\t\t<p class=\"from_the_blog_excerpt show-on-hover hover-reveal\">\n\t\t\t\t\t\tDobrodo\u0161li u Mammamia Art virtualni showroom. Ovo je mjesto koje \u0107e ti olak\u0161ati pristup na\u0161im [...]\t\t\t\t\t<\/p>\n\t\t\t\t\t                    \n\t\t\t\t\t\t\t\t\t\t\t<a href=\"https:\/\/www.mammamiaart.com\/hr\/mammamia-art-ti-predstavlja-svoj-novi-webshop\/\" class=\"button  is-outline is-small mb-0\">\n\t\t\t\t\t\t\tSaznajte vi\u0161e\t\t\t\t\t\t<\/a>\n\t\t\t\t\t\n\t\t\t\t\t\n\t\t\t\t\t<\/div>\n\t\t\t\t\t<\/div>\n\t\t\t\t\t\t\t\t\t<\/div>\n\t\t\t<\/div>\n\t\t<\/div><\/div>\n","protected":false},"excerpt":{"rendered":"","protected":false},"author":1,"featured_media":0,"parent":0,"menu_order":0,"comment_status":"closed","ping_status":"closed","template":"","meta":{"footnotes":""},"class_list":["post-1911","page","type-page","status-publish","hentry"],"_links":{"self":[{"href":"https:\/\/www.mammamiaart.com\/hr\/wp-json\/wp\/v2\/pages\/1911","targetHints":{"allow":["GET"]}}],"collection":[{"href":"https:\/\/www.mammamiaart.com\/hr\/wp-json\/wp\/v2\/pages"}],"about":[{"href":"https:\/\/www.mammamiaart.com\/hr\/wp-json\/wp\/v2\/types\/page"}],"author":[{"embeddable":true,"href":"https:\/\/www.mammamiaart.com\/hr\/wp-json\/wp\/v2\/users\/1"}],"replies":[{"embeddable":true,"href":"https:\/\/www.mammamiaart.com\/hr\/wp-json\/wp\/v2\/comments?post=1911"}],"version-history":[{"count":3,"href":"https:\/\/www.mammamiaart.com\/hr\/wp-json\/wp\/v2\/pages\/1911\/revisions"}],"predecessor-version":[{"id":2849,"href":"https:\/\/www.mammamiaart.com\/hr\/wp-json\/wp\/v2\/pages\/1911\/revisions\/2849"}],"wp:attachment":[{"href":"https:\/\/www.mammamiaart.com\/hr\/wp-json\/wp\/v2\/media?parent=1911"}],"curies":[{"name":"wp","href":"https:\/\/api.w.org\/{rel}","templated":true}]}}