{"id":1246,"date":"2021-08-02T16:11:35","date_gmt":"2021-08-02T16:11:35","guid":{"rendered":"https:\/\/www.mammamiaart.com\/privacy-policy\/"},"modified":"2021-08-02T16:14:23","modified_gmt":"2021-08-02T16:14:23","slug":"politika-privatnosti","status":"publish","type":"page","link":"https:\/\/www.mammamiaart.com\/hr\/politika-privatnosti\/","title":{"rendered":"Politika privatnosti"},"content":{"rendered":"<p>\n\t<div id=\"gap-1487153151\" class=\"gap-element clearfix\" style=\"display:block; height:auto;\">\n\t\t\n<style>\n#gap-1487153151 {\n  padding-top: 30px;\n}\n<\/style>\n\t<\/div>\n\t\n\n<p><\/p>\n<h2 class=\"wp-block-heading\"><strong>OP\u0106I UVJETI ZA\u0160TITE OSOBNIH PODATAKA<\/strong><\/h2>\n<p>\u00a0<\/p>\n<h3><strong>INFORMACIJE O ZA\u0160TITI PODATAKA<\/strong><\/h3>\n<p>MAMMAMIA ART djeluje kao voditelj osobnih podataka i prikuplja ih za ispunjenje ugovora o prodaji, isporuku proizvoda, prodajnu dokumentaciju, slanje informativnog sadr\u017eaja, tehni\u010dku podr\u0161ku i autorizaciju pla\u0107anja kreditnom ili debitnom karticom za \u0161to je pravni temelj utvr\u0111en u \u010dlanku 6. stavku 1. to\u010dki (b) Op\u0107a uredba o za\u0161titi podataka. Drugim rije\u010dima, obrada podataka neophodna je za ispunjenje ugovora u kojem je subjekt podataka stranka ili kako bi se poduzele radnje na zahtjevu nositelja podataka prije zaklju\u010denja ugovora.<\/p>\n<p>Nadalje, osobni podaci obra\u0111uju se kako bi se pohranile narud\u017ebe kupaca, identificirali odre\u0111eni korisnici i analizirala poslovna aktivnost za koju je osnova utvr\u0111ena u \u010dlanku 6. stavku 1. to\u010dki (f) Op\u0107e uredbe o za\u0161titi podataka, budu\u0107i da su podaci obrade neophodni za potrebu legitimnog pobolj\u0161anja poslovne aktivnosti i prilago\u0111avanja potrebama tr\u017ei\u0161ta.<\/p>\n<p>U posebnim slu\u010dajevima, ako ste nam dali svoje dopu\u0161tenje, va\u0161i podaci za kontakt mogu se koristiti za izravni marketing za \u0161to je pravni temelj utvr\u0111en u \u010dlanku 6. stavku 1. to\u010dki (a) koji ka\u017ee da je subjekt podataka dao pristanak za osobne podatke obrada podataka u jednu ili vi\u0161e specifi\u010dnih svrha.<\/p>\n<p>Stupanjem na snagu ove izjave o privatnosti postoje\u0107i korisnici mogu od nas dobiti e-po\u0161tu u kojoj se od vas tra\u017ei da pristanete primati na\u0161e obavijesti e-po\u0161tom, telefonom, SMS-om ili e-porukama jer ne mo\u017eemo provjeriti ili prona\u0107i u arhivi va\u0161 preferirani na\u010din kontakta, pa vas molimo da nam jasno i nedvosmisleno date dopu\u0161tenje ako \u017eelite i dalje primati na\u0161e promocije ili vas ne\u0107emo mo\u0107i dalje kontaktirati o njima.<\/p>\n<p>Ako kao korisnik imate bilo kakvih pitanja u vezi sa za\u0161titom osobnih podataka, mo\u017eete se izravno obratiti tvrtki MAMMAMIA ART., koja se nalazi u Splitu, Ru\u0111era Bo\u0161kovi\u0107a 16a, ili mo\u017eete kontaktirati na\u0161u podr\u0161ku za za\u0161titu podataka putem: mammamia.art@gmail.com.<\/p>\n<p>Korisnik kao subjekt podataka odgovoran je i obvezan pregledavati i prou\u010davati <u><a href=\"https:\/\/www.mammamiaart.com\/hr\/\">www.mammamiaart.com<\/a><\/u> prije dijeljenja bilo kakvih osobnih podataka.<\/p>\n<p>Obra\u0111eni osobni podaci i uporaba osobnih podataka<\/p>\n<p>Na na\u0161oj web stranici <u><a href=\"https:\/\/www.mammamiaart.com\/hr\/\">www.mammamiaart.com<\/a><\/u>, MAMMAMIA ART prikuplja sljede\u0107e osobne podatke o subjektu:<\/p>\n<ul>\n<li>ime i prezime,<\/li>\n<li>telefonski broj,<\/li>\n<li>adresa,<\/li>\n<li>email adresa,<\/li>\n<li>dostavna adresa<\/li>\n<li>Po\u0161tanski broj,<\/li>\n<li>Grad,<\/li>\n<li>Tvrtka i osobni identifikacijski broj (samo tvrtke).<\/li>\n<\/ul>\n<p>Pohrana osobnih podataka<\/p>\n<p>MAMMAMIA ART osigurat \u0107e da se osobni korisni\u010dki podaci \u010duvaju na sigurnom mjestu (\u0161to uklju\u010duje razumnu administrativnu, tehni\u010dku i fizi\u010dku za\u0161titu kako bi se sprije\u010dila neovla\u0161tena uporaba, pristup, otkrivanje, kopiranje ili izmjena osobnih podataka), \u010diji \u0107e pristup biti dodijeljen samo ovla\u0161tenom osoblju MAMMAMIA ART.<\/p>\n<p>MAMMAMIA ART ne bilje\u017ei niti pohranjuje podatke o transakcijama korisnika potrebnih za karti\u010dno pla\u0107anje. MAMMAMIA ART \u0161titit \u0107e osobne podatke u mjeri utvr\u0111enoj posebnim zakonskim propisima (na primjer, podaci o financijskim transakcijama \u010duvaju se 11 godina, kako je propisano Zakonom o ra\u010dunovodstvu) ili dok se pravo na upotrebu podataka ne ukine prema subjektima podataka.<\/p>\n<p>\u00a0<\/p>\n<h3><strong>ZA\u0160TITA PODATAKA<\/strong><\/h3>\n<p>MAMMAMIA ART smatra za\u0161titu osobnih podataka izuzetno va\u017enom i poduzela je niz mjera kako bi za\u0161titila osobne podatke korisnika. Korisnici mogu pristupiti svojim osobnim podacima na <u><a href=\"https:\/\/www.mammamiaart.com\/hr\/\">www.mammamiaart.com<\/a><\/u> sa lozinkom i e -adresom.<\/p>\n<p>Poveznice do drugih web mjesta<\/p>\n<p>Ovi se podaci o za\u0161titi podataka odnose samo na upotrebu podataka koje MAMMAMIA ART prikuplja od ispitanika.<\/p>\n<p>Ostale web stranice kojima se mo\u017ee pristupiti putem <u><a href=\"https:\/\/www.mammamiaart.com\/hr\/\">www.mammamiaart.com<\/a><\/u> imaju vlastite sporazume o povjerljivosti i politike privatnosti. Ako korisnik posjeti drugu web stranicu putem <u><a href=\"https:\/\/www.mammamiaart.com\/hr\/\">www.mammamiaart.com<\/a><\/u>, MAMMAMIA ART savjetuje korisnicima da provjere ugovor o povjerljivosti podataka web stranice, jer MAMMAMIA ART nije odgovorna za uvjete rada drugih web stranica.<\/p>\n<p>\u00a0<\/p>\n<h3><strong>OSTALI PODACI<\/strong><\/h3>\n<p>Zajedno s osobnim podacima, MAMMAMIA ART mo\u017ee prikupljati podatke korisnika koji se ne mogu koristiti za njihovu identifikaciju i ne smatraju se osobnim podacima (kao \u0161to su podaci koji se odnose na upotrebu web stranice, podaci o korisni\u010dkom ra\u010dunalu, davatelju internetskih usluga, preferencijama, hobijima, interesima i aktivnostima), koji poma\u017eu prikazati podatke predstavljene korisnicima s boljom kvalitetom, precizno\u0161\u0107u i osobnim preferencijama, kako bi se pobolj\u0161ala web stranica i za dodatno upravljanje i prilagodbu njezinog sadr\u017eaja kako bi se udovoljilo potrebama korisnika. Na temelju tih podataka MAMMAMIA ART saznaje koji je sadr\u017eaj popularniji kod odre\u0111enih vrsta korisnika.<\/p>\n<p>\u00a0<\/p>\n<h3><strong>OP\u0106E INFORMACIJE<\/strong><\/h3>\n<p>Prije nego \u0161to po\u010dnu koristiti web stranicu <u><a href=\"https:\/\/www.mammamiaart.com\/hr\/\">www.mammamiaart.com<\/a><\/u> (u daljnjem tekstu: web stranica) u vlasni\u0161tvu tvrtke MAMMAMIA ART, korisnici, tj. kupci su du\u017eni upoznati se s Op\u0107im uvjetima web stranice. Ako imaju dodatnih pitanja ili nedoumica u vezi s Op\u0107im uvjetima, sva pitanja mogu poslati u pisanom obliku na e-mail adresu mammamia.art@gmail.com.<\/p>\n<p>Pristupom web stranici ili kori\u0161tenjem bilo kojeg dijela njezinog sadr\u017eaja korisnik prihva\u0107a Op\u0107e uvjete i odredbe web stranice <u><a href=\"https:\/\/www.mammamiaart.com\/hr\/\">www.mammamiaart.com<\/a><\/u>, kao i sva druga pravila i uvjete kori\u0161tenja za gore spomenutu web stranicu i usluge koje pru\u017ea. Korisnici se sla\u017eu da ne\u0107e koristiti Web stranicu na na\u010din koji \u0161teti njezinim autorima ili bilo kojoj tre\u0107oj osobi i prihva\u0107aju sve rizike povezane s kori\u0161tenjem stranice i njezinih usluga. Ako se korisnik ne sla\u017ee s gore navedenim, mora prestati koristiti stranicu i sve usluge koje ona pru\u017ea.<\/p>\n<p>Sadr\u017eaj web mjesta za\u0161ti\u0107en je zakonom o autorskim pravima. Sve izmjene, zakup, prodaja ili distribucija sadr\u017eaja Web stranice mogu\u0107e su samo uz prethodno pismeno odobrenje tvrtke MAMMAMIA ART.<\/p>\n<p>MAMMAMIA ART omogu\u0107uje kori\u0161tenje web stranice na najbolji mogu\u0107i na\u010din. To uklju\u010duje: nadzor poslu\u017eitelja, pro\u0161irenje kapaciteta prema broju korisnika, korisni\u010dku podr\u0161ku i uklanjanje gre\u0161aka i problema u radu sustava. MAMMAMIA ART ne snosi odgovornost za mogu\u0107e probleme s funkcioniranjem web stranice i usluga. MAMMAMIA ART ne mo\u017ee jam\u010diti da kori\u0161tenje web stranice ne\u0107e biti prekinuto ili bez pogre\u0161aka. Korisnik se sla\u017ee da pristup web stranici ponekad mo\u017ee biti prekinut ili privremeno nedostupan. Korisnici koriste web stranicu na vlastitu odgovornost.<\/p>\n<p>MAMMAMIA ART ni na koji na\u010din nije odgovorna za bilo kakvu \u0161tetu koju korisnik mo\u017ee pretrpjeti kori\u0161tenjem web stranice <u><a href=\"https:\/\/www.mammamiaart.com\/hr\/\">www.mammamiaart.com<\/a><\/u>. Autori i druge fizi\u010dke ili pravne osobe uklju\u010dene u stvaranje, razvoj i distribuciju web stranice <u><a href=\"https:\/\/www.mammamiaart.com\/hr\/\">www.mammamiaart.com<\/a><\/u> nisu odgovorni za bilo kakvu \u0161tetu uzrokovanu uporabom ili nemogu\u0107no\u0161\u0107u kori\u0161tenja web stranice.<\/p>\n<p>MAMMAMIA ART zadr\u017eava pravo blokirati pristup web mjestu <u><a href=\"https:\/\/www.mammamiaart.com\/hr\/\">www.mammamiaart.com<\/a><\/u> bilo kojem korisniku kada se web mjesto upotrebljava neprimjereno. MAMMAMIA ART zadr\u017eava pravo odbiti pristup web stranici <u><a href=\"https:\/\/www.mammamiaart.com\/hr\/\">www.mammamiaart.com<\/a><\/u>, na temelju vlastite procjene. Korisnik se sla\u017ee da \u0107e web stranicu <u><a href=\"https:\/\/www.mammamiaart.com\/hr\/\">www.mammamiaart.com<\/a><\/u> koristiti na na\u010din koji ne ugro\u017eava njegove resurse i usluge. Neprimjereno kori\u0161tenje web stranice <u><a href=\"https:\/\/www.mammamiaart.com\/hr\/\">www.mammamiaart.com<\/a><\/u> zabranjeno je i rezultira ukidanjem prava na pristup web mjestu.<\/p>\n<p>Korisnik mora tajiti podatke o svom korisni\u010dkom ra\u010dunu i u potpunosti je odgovoran za bilo kakvu \u0161tetu nastalu neovla\u0161tenom uporabom njegovog korisni\u010dkog ra\u010duna.<\/p>\n<p>MAMMAMIA ART zadr\u017eava pravo izmjene ili dopune Op\u0107ih uvjeta u bilo kojem trenutku. Izmjene stupaju na snagu danom objavljivanja na web mjestu <u><a href=\"https:\/\/www.mammamiaart.com\/hr\/\">www.mammamiaart.com<\/a><\/u>. Nastavak upotrebe web stranice ili bilo kojeg dijela njezinog sadr\u017eaja smatra se pristankom na izmijenjene\u00a0 Op\u0107e uvjete. MAMMAMIA ART preporu\u010duje povremene provjere Op\u0107ih uvjeta kako bi ostali informirani o mogu\u0107im izmjenama.<\/p>\n<p>MAMMAMIA ART zadr\u017eava pravo modificirati, izmijeniti ili prekinuti bilo koji dio svog rada, u bilo kojem trenutku i bez prethodne najave, uklju\u010duju\u0107i Web mjesto ili bilo koji njegov dio, usluge, podstranice ili bilo koju drugu uslugu koju pru\u017ea. Pravo uklju\u010duje, ali nije ograni\u010deno na, promjenu vremena dostupnosti sadr\u017eaja, dostupnosti bilo kakvih podataka, bilo kojeg na\u010dina prijenosa, kao i prava na pristup ili upotrebu web stranice.<\/p>\n<p>Du\u017enost je i obveza korisnika koristiti web stranicu u skladu s pozitivnim propisima i op\u0107im moralnim i eti\u010dkim na\u010delima. MAMMAMIA ART zadr\u017eava pravo izvr\u0161iti kontrolu nad sadr\u017eajem web stranice, kako bi se osiguralo po\u0161tivanje Op\u0107ih uvjeta i svih obvezuju\u0107ih propisa. Sve izmjene uvjeta vrijede odmah nakon objave na web mjestu <u><a href=\"https:\/\/www.mammamiaart.com\/hr\/\">www.mammamiaart.com<\/a><\/u>.<\/p>\n<p>\u00a0<\/p>\n<h3><strong>PRIVATNOST KORISNIKA<\/strong><\/h3>\n<p>Prema direktivi Europske unije, MAMMAMIA ART obavje\u0161tava svoje korisnike da web stranica <u><a href=\"https:\/\/www.mammamiaart.com\/hr\/\">www.mammamiaart.com<\/a><\/u> koristi kola\u010di\u0107e kako bi pru\u017eila najbolju mogu\u0107u uslugu.<\/p>\n<p>Kola\u010di\u0107i u korisni\u010dkim preglednicima omogu\u0107uju tvrtki MAMMAMIA ART pru\u017eanje odgovaraju\u0107e funkcionalnosti svih zna\u010dajki internetskog portala, prilago\u0111avanje odre\u0111enog sadr\u017eaja specifi\u010dno potrebama svakog pojedinog korisnika i neprestano unapre\u0111ivanje portala na temelju analize posjeta stranici.<\/p>\n<p>Korisnici mogu odlu\u010diti kako \u0107e se kola\u010di\u0107i pohranjivati \u200b\u200bu njihovim postavkama preglednika. S ciljem stalnog pobolj\u0161anja korisni\u010dkog iskustva, tijekom pregledavanja portala, MAMMAMIA ART mora pohranjivati dijelove podataka na korisnikovo ra\u010dunalo (kola\u010di\u0107e). Vi\u0161e od 90% web stranica koristi ovu politiku, ali prema uredbi Europske unije donesenoj 25. o\u017eujka 2011., MAMMAMIA ART je du\u017ena zatra\u017eiti pristanak korisnika prije spremanja kola\u010di\u0107a. Kada koristi web stranicu <u><a href=\"https:\/\/www.mammamiaart.com\/hr\/\">www.mammamiaart.com<\/a><\/u>, korisnik pristaje na upotrebu kola\u010di\u0107a. Ako odlu\u010di blokirati kola\u010di\u0107e, korisnik i dalje mo\u017ee pregledavati web mjesto, ali neke od njegovih zna\u010dajki mogu biti nedostupne.<\/p>\n<h3><strong>\u0160TO JE KOLA\u010cI\u0106?<\/strong><\/h3>\n<p>Kola\u010di\u0107 je informacija koju na ra\u010dunalu korisnika pohranjuje web stranica koju je posjetio. Kola\u010di\u0107i obi\u010dno spremaju korisni\u010dke postavke i postavke za web stranicu, poput \u017eeljenog jezika ili adrese. Kad korisnik nakon toga posjeti istu web stranicu, njegov internetski preglednik vra\u0107a natrag kola\u010di\u0107e koji pripadaju web stranici. Ova zna\u010dajka omogu\u0107uje MAMMAMIA ART stranici prikazivanje informacija prilago\u0111enim potrebama svakog pojedinog korisnika.<\/p>\n<p>Kola\u010di\u0107i mogu pohraniti \u0161irok raspon podataka, uklju\u010duju\u0107i osobne podatke (poput korisnikova imena ili adrese e-po\u0161te). Me\u0111utim, ove se informacije mogu spremiti samo kada korisnik omogu\u0107i zna\u010dajku &#8211; web stranice ne mogu dobiti pristup informacijama za koje korisnik nije dao dopu\u0161tenje i ne mogu pristupiti drugim datotekama na korisnikovom ra\u010dunalu. Zadane aktivnosti za spremanje i slanje kola\u010di\u0107a nisu vidljive korisnicima. Me\u0111utim, korisnik mo\u017ee izmijeniti postavke internetskog preglednika na takav na\u010din da mo\u017ee odabrati \u017eeli li odobriti ili odbiti zahtjeve za pohranu kola\u010di\u0107a, automatskim brisanjem spremljenih kola\u010di\u0107a kada je internetski preglednik zatvoren i sli\u010dno.<\/p>\n<p>Osim osobnih podataka, MAMMAMIA ART mo\u017ee tra\u017eiti i druge podatke od subjekata podataka putem kojih se subjekti podataka mogu identificirati, ali se ne smatraju osobnim podacima (na primjer podaci o kori\u0161tenju web mjesta, ra\u010dunalni podaci, podaci davatelja internetskih usluga, preferencije, hobiji, interesi, aktivnosti ) i koji MAMMAMIA ART trgovini pru\u017eaju kvalitetniji, precizniji i personaliziraniji sadr\u017eaj za korisnike, bolja web mjesta i dodatnu prilagodbu sadr\u017eaja za korisnike. Na temelju tih podataka, MAMMAMIA ART dobiva informacije o najpopularnijem sadr\u017eaju me\u0111u odre\u0111enim korisnicima.<\/p>\n<p>Promjene u podacima o za\u0161titi podataka<\/p>\n<p>MAMMAMIA ART mo\u017ee u bilo kojem trenutku promijeniti ove Informacije o za\u0161titi podataka objavljivanjem izmijenjenog teksta na svojoj web stranici <u><a href=\"https:\/\/www.mammamiaart.com\/hr\/\">www.mammamiaart.com<\/a><\/u>. Izmjene i dopune Op\u0107ih uvjeta za za\u0161titu osobnih podataka stupit \u0107e na snagu odmah nakon objave na web mjestu <u><a href=\"https:\/\/www.mammamiaart.com\/hr\/\">www.mammamiaart.com<\/a><\/u> te se stoga korisnicima savjetuje da se prilikom posjeta web mjestu informiraju o postoje\u0107im pravilima privatnosti.<\/p>\n<p>S kime dijelimo va\u0161e podatke<\/p>\n<ul>\n<li>na\u0161i poslovni partneri koji vam dostavljaju kupljene proizvode &#8211; General Logistics Systems Croatia d.o.o. sa sjedi\u0161tem u Popovcu, Vara\u017edinska 116 i DHL International d.o.o., sa sjedi\u0161tem u Zagrebu, Utinjska 40,<\/li>\n<li>na\u0161 poslovni partner koji pru\u017ea usluge pla\u0107anja karticama &#8211; Corvus Pay d.o.o., sa sjedi\u0161tem u Zagrebu, Buzinski prilaz 10<\/li>\n<\/ul>\n<p>Koliko dugo zadr\u017eavamo va\u0161e podatke<\/p>\n<p>Ako ostavite komentar, on i njegovi metapodaci zadr\u017eavaju se na neodre\u0111eno vrijeme. To je u svrhe automatskog prepoznavanja i odobrenja svih daljnjih komentara, umjesto da ih dr\u017eimo u redu za usmjeravanje.<\/p>\n<p>Za korisnike koji se registriraju na na\u0161oj web stranici, tako\u0111er pohranjujemo osobne podatke koje daju u svom korisni\u010dkom profilu. Svi korisnici mogu u bilo kojem trenutku vidjeti, urediti ili izbrisati svoje osobne podatke (osim \u0161to ne mogu promijeniti korisni\u010dko ime). Administratori web stranica tako\u0111er mogu vidjeti i urediti te podatke.<\/p>\n<h3><strong>Koja prava imate nad svojim podacima<\/strong><\/h3>\n<p>Ako na ovom mjestu imate ra\u010dun ili ste ostavili komentare, mo\u017eete zatra\u017eiti primanje izvezene datoteke osobnih podataka koje posjedujemo o vama, uklju\u010duju\u0107i sve podatke koje ste nam dostavili. Tako\u0111er mo\u017eete zatra\u017eiti da izbri\u0161emo sve osobne podatke koje imamo o vama. To ne uklju\u010duje podatke koje smo du\u017eni \u010duvati u administrativne, pravne ili sigurnosne svrhe.<\/p>\n<p>Gdje \u0161aljemo va\u0161e podatke<\/p>\n<p>Komentari posjetitelja mogu se provjeriti putem automatizirane usluge otkrivanja ne\u017eeljene po\u0161te.<\/p>\n<p>Prava subjekta podataka<\/p>\n<p>Svatko \u010diji se osobni podaci obra\u0111uju ima sljede\u0107a prava u vezi s obradom svojih osobnih podataka:<\/p>\n<ul>\n<li>Pravo na transparentne informacije, komunikaciju i modalitete za ostvarivanje svojih prava<\/li>\n<li>Pravo na pristup podacima<\/li>\n<li>Pravo na ispravak podataka<\/li>\n<li>Pravo na brisanje podataka<\/li>\n<li>Pravo na prijenos podataka<\/li>\n<li>Pravo na prigovor<\/li>\n<li>Pravo na ograni\u010denje obrade podataka<\/li>\n<li>Pravo na suprotstavljanje automatiziranoj obradi osobnih podataka ili profiliranju<\/li>\n<\/ul>\n<p>Registracija<\/p>\n<p>Ako se registrirate kao \u010dlan <u><a href=\"https:\/\/www.mammamiaart.com\/hr\/\">www.mammamiaart.com<\/a><\/u>, Creaticon obra\u0111uje va\u0161e osobne podatke na temelju va\u0161eg pristanka , tj.\u010dinjenice da ste odlu\u010dili otvoriti ra\u010dun na na\u0161oj web stranici.<\/p>\n<p>Prikupljamo sljede\u0107e podatke: va\u0161e ime, adresa za naplatu, adresa za dostavu, e-adresa, telefonski broj i datum va\u0161eg ro\u0111enja.<\/p>\n<p>Podaci se obra\u0111uju kako bi vam omogu\u0107ili kori\u0161tenje usluga koje nudi Creaticon na web mjestu <u><a href=\"https:\/\/www.mammamiaart.com\/hr\/\">www.mammamiaart.com<\/a><\/u> (uklju\u010duju\u0107i internetsku kupnju), sudjelovanje u programu vjernosti SK University i reklamnim kampanjama te olak\u0161avanje pristupa internetskoj trgovini za dovr\u0161etak kupnje i za isporuku proizvoda.<\/p>\n<p>Transparentnost<\/p>\n<p>Kada Creaticon na bilo koji na\u010din prikuplja va\u0161e osobne podatke, unaprijed vas obavje\u0161tava i informira o pravnoj osnovi obrade osobnih podataka, svrsi obrade osobnih podataka, trajanju obrade i va\u0161im pravima u vezi s obradom podataka. Ako svoje podatke \u017eelite podijeliti s tre\u0107im stranama ili posrednicima (npr. u svrhu pla\u0107anja i isporuke proizvoda ili pretplate na bilten), bit \u0107ete obavije\u0161teni. Ako svoje podatke \u017eelite prenijeti u tre\u0107e zemlje (zemlje koje nisu \u010dlanice EU), tada \u0107e vam se ukazati na takvu \u010dinjenicu.<\/p>\n<p>\u00a0<\/p>\n<h3>Programi sigurnosti<\/h3>\n<p><\/p>\n<h3 class=\"wp-block-heading\"><a href=\"https:\/\/www.americanexpress.com\/hr\/network\/\" target=\"_blank\" rel=\"noopener\"><img decoding=\"async\" class=\"alignnone wp-image-861 size-full\" src=\"https:\/\/www.mammamiaart.com\/wp-content\/uploads\/2019\/04\/ax_guarenteed.gif\" alt=\"\" width=\"111\" height=\"46\" \/><\/a><a href=\"https:\/\/www.mastercard.hr\/hr-hr.html\" target=\"_blank\" rel=\"noopener\"><img decoding=\"async\" class=\"alignnone wp-image-864 size-full\" src=\"https:\/\/www.mammamiaart.com\/wp-content\/uploads\/2019\/04\/mastercard_securecode.gif\" alt=\"\" width=\"104\" height=\"56\" \/><\/a><a href=\"https:\/\/www.visa.com.hr\/\" target=\"_blank\" rel=\"noopener\"><img decoding=\"async\" class=\"alignnone wp-image-865 size-full\" src=\"https:\/\/www.mammamiaart.com\/wp-content\/uploads\/2019\/04\/verified_by_visa.jpg\" alt=\"\" width=\"83\" height=\"62\" \/><\/a><a href=\"https:\/\/www.diners.com.hr\/\" target=\"_blank\" rel=\"noopener\"><img decoding=\"async\" class=\"alignnone wp-image-863 size-full\" src=\"https:\/\/www.mammamiaart.com\/wp-content\/uploads\/2019\/04\/logo_sigurna-kupnja_2.1.png\" alt=\"\" width=\"120\" height=\"49\" \/><\/a> <a href=\"http:\/\/www.corvus.hr\/\" target=\"_blank\" rel=\"noopener\"><img decoding=\"async\" class=\"alignnone wp-image-862 size-full\" src=\"https:\/\/www.mammamiaart.com\/wp-content\/uploads\/2019\/04\/CorvusPAY.png\" alt=\"\" width=\"300\" height=\"94\" \/><\/a><\/h3>\n<p><\/p>","protected":false},"excerpt":{"rendered":"<p>OP\u0106I UVJETI ZA\u0160TITE OSOBNIH PODATAKA \u00a0 INFORMACIJE O ZA\u0160TITI PODATAKA MAMMAMIA ART djeluje kao voditelj osobnih podataka i prikuplja ih za ispunjenje ugovora o prodaji, isporuku proizvoda, prodajnu dokumentaciju, slanje informativnog sadr\u017eaja, tehni\u010dku podr\u0161ku i autorizaciju pla\u0107anja kreditnom ili debitnom karticom za \u0161to je pravni temelj utvr\u0111en u \u010dlanku 6. stavku 1. to\u010dki (b) Op\u0107a [&#8230;]\n","protected":false},"author":1,"featured_media":0,"parent":0,"menu_order":0,"comment_status":"closed","ping_status":"open","template":"","meta":{"footnotes":""},"class_list":["post-1246","page","type-page","status-publish","hentry"],"_links":{"self":[{"href":"https:\/\/www.mammamiaart.com\/hr\/wp-json\/wp\/v2\/pages\/1246","targetHints":{"allow":["GET"]}}],"collection":[{"href":"https:\/\/www.mammamiaart.com\/hr\/wp-json\/wp\/v2\/pages"}],"about":[{"href":"https:\/\/www.mammamiaart.com\/hr\/wp-json\/wp\/v2\/types\/page"}],"author":[{"embeddable":true,"href":"https:\/\/www.mammamiaart.com\/hr\/wp-json\/wp\/v2\/users\/1"}],"replies":[{"embeddable":true,"href":"https:\/\/www.mammamiaart.com\/hr\/wp-json\/wp\/v2\/comments?post=1246"}],"version-history":[{"count":6,"href":"https:\/\/www.mammamiaart.com\/hr\/wp-json\/wp\/v2\/pages\/1246\/revisions"}],"predecessor-version":[{"id":1252,"href":"https:\/\/www.mammamiaart.com\/hr\/wp-json\/wp\/v2\/pages\/1246\/revisions\/1252"}],"wp:attachment":[{"href":"https:\/\/www.mammamiaart.com\/hr\/wp-json\/wp\/v2\/media?parent=1246"}],"curies":[{"name":"wp","href":"https:\/\/api.w.org\/{rel}","templated":true}]}}