{"id":1238,"date":"2021-08-02T15:59:35","date_gmt":"2021-08-02T15:59:35","guid":{"rendered":"https:\/\/www.mammamiaart.com\/product-delivery\/"},"modified":"2024-07-02T12:53:44","modified_gmt":"2024-07-02T12:53:44","slug":"dostava-proizvoda","status":"publish","type":"page","link":"https:\/\/www.mammamiaart.com\/hr\/dostava-proizvoda\/","title":{"rendered":"Dostava proizvoda"},"content":{"rendered":"\t<div id=\"gap-1891313944\" class=\"gap-element clearfix\" style=\"display:block; height:auto;\">\n\t\t\n<style>\n#gap-1891313944 {\n  padding-top: 30px;\n}\n<\/style>\n\t<\/div>\n\t\n<h2><strong>DOSTAVA PROIZVODA<\/strong><\/h2>\n<p>Naru\u010dene proizvode isporu\u010duje MAMMAMIA ART na adresu po izboru kupca. Isporuka se vr\u0161i putem tvrtke General Logistics Systems Croatia d.o.o.<\/p>\n<p><strong>Tro\u0161kovi dostave su besplatni samo u Republici Hrvatskoj za iznos preko 170 \u20ac, osim ako nije drukcije definirano u trenutku obavljanja kupovine.<\/strong><\/p>\n<p>MAMMAMIA ART isporu\u010duje diljem svijeta, a tro\u0161kove dostave pla\u0107a kupac.<\/p>\n<p><strong>Obveza je kupaca da prihvate paket i provjere sadr\u017eaj paketa pred dostavlja\u010dem, kako bi izbjegli naknadne reklamacije o predmetima o\u0161te\u0107enim tijekom isporuke.<\/strong><\/p>\n<p>U slu\u010daju da MAMMAMIA ART ne mo\u017ee isporu\u010diti naru\u010deni proizvod, obavijestit \u0107e kupca o okolnostima. Kupac mo\u017ee otkazati narud\u017ebu ili pri\u010dekati da proizvod ponovno postane dostupan. Ako MAMMAMIA ART nije u mogu\u0107nosti isporu\u010diti proizvod u dogovorenom roku isporuke, obavijestit \u0107e kupca o tome, a kupac \u0107e dopustiti razuman dodatni rok za ispunjavanje uvjeta kupoprodajnog ugovora.<\/p>\n<p>Ako kupac ne prihvati proizvod, ili odbije prihvatiti proizvod bez valjanog razloga, MAMMAMIA ART zadr\u017eava pravo zahtijevati povrat tro\u0161kova nastalih zbog manipulacije, otpreme i drugih mogu\u0107ih tro\u0161kova.<\/p>\n<p>Kupoprodajni ugovor sklopljen je u trenutku prihva\u0107anja ponude kupca, a proizvod \u0107e biti dostavljen slu\u017ebi dostave u <strong>roku od 8 radnih dana <\/strong>(subota, nedjelja i praznici isklju\u010deni) nakon primitka uplate iznosa cijene narud\u017ebe, osim u slu\u010daju na\u010dina pla\u0107anja pouze\u0107em.<\/p>\n<p>Ako kupac odabere na\u010din pla\u0107anja pouze\u0107em, kupoprodajni ugovor sklapa se s trenutkom prihva\u0107anja ponude, a proizvod \u0107e biti dostavljen slu\u017ebi za dostavu u <strong>roku od 8 radnih dana <\/strong>(subota, nedjelja i praznici isklju\u010deni) nakon zaklju\u010denja kupoprodajnog ugovora.<\/p>\n<p>Kupcu koji ima prebivali\u0161te na podru\u010dju <strong>Republike Hrvatske<\/strong>, <strong>proizvod \u0107e biti isporu\u010den u roku od 10 radnih dana <\/strong>(subota, nedjelja i praznici isklju\u010deni) od trenutka isporuke dostavnoj slu\u017ebi; kupcu koji je <strong>stanovnik Europske unije dostava \u0107e biti izvr\u0161ena u roku od 15 radnih dana<\/strong> (subota, nedjelja i praznici isklju\u010deni); <strong>kupcu koji ima prebivali\u0161te u Sjedinjenim Ameri\u010dkim Dr\u017eavama dostava \u0107e se izvr\u0161iti u roku od 20 radnih dana<\/strong> (subota, nedjelja i dr\u017eavni praznici isklju\u010deni); i kupcu koji je <strong>stanovnik Republike Srbije ili Republike Bosne i Hercegovine u roku od 20 radnih dana<\/strong> (subota, nedjelja i praznici isklju\u010deni).<\/p>\n<p>Ugovorena otkupna cijena uklju\u010duje sve poreze i pristojbe, a izra\u017eena je u hrvatskim kunama. Uz cijenu u hrvatskim kunama i eurima, kupac pla\u0107a tro\u0161kove konverzije valute.<\/p>\n<p><strong>KOLIKI JE IZNOS DOSTAVE?<\/strong><\/p>\n<p>Unutar Republike Hrvatske, dostava narud\u017ebe napla\u0107uje se <strong>5 \u20ac<\/strong>, a <strong>dostava narud\u017ebe \u010dija vrijednost iznosi 170 \u20ac ili vi\u0161e je besplatna<\/strong>.<\/p>\n<p>Za <strong>Sloveniju<\/strong> tro\u0161kovi dostave se napla\u0107uju <strong>11 \u20ac <\/strong>i \u0161alju se GLS paketnom dostavom.<\/p>\n<p>Za\u00a0 dr\u017eave\u00a0 <strong>Europske unije: Austrija, Ma\u0111arska, Njema\u010dka, \u010ce\u0161ka i Slova\u010dka<\/strong>, dostava se napla\u0107uje <strong>20 \u20ac <\/strong>i \u0161alje se GLS paketnom dostavom.<\/p>\n<p>Za dr\u017eave <strong>Europske unije: Belgija 191, Cipar, Finska 295, Francuska, Irska, Italija, Luxemburg, Poljska, Portugal, \u0160panjolska, \u0160vedska<\/strong>, dostava se napla\u0107uje <strong>19 \u20ac<\/strong> i \u0161alje se Hrvatskom po\u0161tom.<\/p>\n<p>Za <strong>dr\u017eave van Europske unije <\/strong>tro\u0161kovi dostave napla\u0107uju se <strong>27 \u20ac <\/strong>i \u0161alje se Hrvatskom po\u0161tom.<\/p>\n","protected":false},"excerpt":{"rendered":"<p>DOSTAVA PROIZVODA Naru\u010dene proizvode isporu\u010duje MAMMAMIA ART na adresu po izboru kupca. Isporuka se vr\u0161i putem tvrtke General Logistics Systems Croatia d.o.o. Tro\u0161kovi dostave su besplatni samo u Republici Hrvatskoj za iznos preko 170 \u20ac, osim ako nije drukcije definirano u trenutku obavljanja kupovine. MAMMAMIA ART isporu\u010duje diljem svijeta, a tro\u0161kove dostave pla\u0107a kupac. Obveza [&#8230;]\n","protected":false},"author":2,"featured_media":0,"parent":0,"menu_order":0,"comment_status":"closed","ping_status":"closed","template":"","meta":{"footnotes":""},"class_list":["post-1238","page","type-page","status-publish","hentry"],"_links":{"self":[{"href":"https:\/\/www.mammamiaart.com\/hr\/wp-json\/wp\/v2\/pages\/1238","targetHints":{"allow":["GET"]}}],"collection":[{"href":"https:\/\/www.mammamiaart.com\/hr\/wp-json\/wp\/v2\/pages"}],"about":[{"href":"https:\/\/www.mammamiaart.com\/hr\/wp-json\/wp\/v2\/types\/page"}],"author":[{"embeddable":true,"href":"https:\/\/www.mammamiaart.com\/hr\/wp-json\/wp\/v2\/users\/2"}],"replies":[{"embeddable":true,"href":"https:\/\/www.mammamiaart.com\/hr\/wp-json\/wp\/v2\/comments?post=1238"}],"version-history":[{"count":5,"href":"https:\/\/www.mammamiaart.com\/hr\/wp-json\/wp\/v2\/pages\/1238\/revisions"}],"predecessor-version":[{"id":9428,"href":"https:\/\/www.mammamiaart.com\/hr\/wp-json\/wp\/v2\/pages\/1238\/revisions\/9428"}],"wp:attachment":[{"href":"https:\/\/www.mammamiaart.com\/hr\/wp-json\/wp\/v2\/media?parent=1238"}],"curies":[{"name":"wp","href":"https:\/\/api.w.org\/{rel}","templated":true}]}}