{"id":1230,"date":"2021-08-02T15:54:10","date_gmt":"2021-08-02T15:54:10","guid":{"rendered":"https:\/\/www.mammamiaart.com\/terms-of-purchase\/"},"modified":"2022-02-20T18:32:48","modified_gmt":"2022-02-20T18:32:48","slug":"uvjeti-kupnje","status":"publish","type":"page","link":"https:\/\/www.mammamiaart.com\/hr\/uvjeti-kupnje\/","title":{"rendered":"Uvjeti kupnje"},"content":{"rendered":"\t<div id=\"gap-1207478720\" class=\"gap-element clearfix\" style=\"display:block; height:auto;\">\n\t\t\n<style>\n#gap-1207478720 {\n  padding-top: 30px;\n}\n<\/style>\n\t<\/div>\n\t <strong>PODACI O OBRTU:<\/strong><\/p>\r\n<!-- \/wp:post-content -->\r\n\r\n<!-- wp:paragraph -->\r\n<p><strong>Naziv:<\/strong> <strong>ENGRAFO VL.Tajana Kri\u017eevi\u0107<\/strong><\/p>\r\n<!-- \/wp:paragraph -->\r\n\r\n<!-- wp:paragraph -->\r\n<p><strong>OIB: 78588476356<\/strong><\/p>\r\n<h2><strong>UVJETI KUPNJE<\/strong><\/h2>\r\n<p>Potro\u0161a\u010d, sa statusom kupca, zaklju\u010duje ugovor o kupnji s tvrtkom ENGRAFO, Tolstojeva 29, 21 000 Split, sa statusom prodava\u010da. Na pravne osobe kao kupce primjenjuju se Zakon o obveznim odnosima i Zakon o elektroni\u010dkoj trgovini, pa se Zakon o za\u0161titi potro\u0161a\u010da ne primjenjuje. Ovi se Op\u0107i uvjeti primjenjuju na pravne osobe u odjeljku koji definira:<\/p>\r\n<ul>\r\n<li>Cijene i na\u010dini pla\u0107anja<\/li>\r\n<li>Osnovne zna\u010dajke proizvoda<\/li>\r\n<li>Postupak dodjele ugovora<\/li>\r\n<li>Opis na\u010dina isporuke i tro\u0161kova<\/li>\r\n<li>Op\u0107e informacije<\/li>\r\n<li>Odricanje od odgovornosti i<\/li>\r\n<li>Trenutak zaklju\u010denja sporazuma.<\/li>\r\n<\/ul>\r\n<p>Prodavatelj, prema vlastitom izboru, mo\u017ee u svakom konkretnom slu\u010daju pru\u017eiti pravnoj osobi prava predvi\u0111ena za kupca koji ima status potro\u0161a\u010da. Korisnik je osoba koja koristi web stranicu <u><a href=\"https:\/\/www.mammamiaart.com\/hr\/\">www.mammamiaart.com<\/a><\/u>, uklju\u010duju\u0107i bilo kojeg kupca ili posjetitelja web stranice <u><a href=\"https:\/\/www.mammamiaart.com\/hr\/\">www.mammamiaart.com<\/a><\/u>. Sklapanje ugovora o kupnji putem web stranice <u><a href=\"https:\/\/www.mammamiaart.com\/hr\/\">www.mammamiaart.com<\/a><\/u> regulirano je u skladu sa zakonskim odredbama, posebno uzimaju\u0107i u obzir na\u010dela i odredbe direktiva Europske unije. Ugovaranje putem web stranice <u><a href=\"https:\/\/www.mammamiaart.com\/hr\/\">www.mammamiaart.com<\/a><\/u> smatra se ugovorom na daljinu. Ugovor se zaklju\u010duje u trenutku kada prodava\u010d prihvati ponudu kupca, a sav sadr\u017eaj objavljen na web stranici <u><a href=\"https:\/\/www.mammamiaart.com\/hr\/\">www.mammamiaart.com<\/a><\/u> predstavlja poziv za nadmetanje. Prodava\u010d mo\u017ee raskinuti kupoprodajni ugovor ako kupac ne plati iznos kupoprodajne cijene, a prodava\u010d nije du\u017ean isporu\u010diti proizvod do trenutka primitka iznosa kupoprodajne cijene, osim u slu\u010dajevima kada kupac odlu\u010di koristiti gotovinu- na\u010din isporuke. Ako kupac iz bilo kojeg razloga ne preuzme po\u0161iljku i stoga se vrati prodava\u010du, prodava\u010d ne\u0107e ponoviti isporuku. Sastavni dio Op\u0107ih uvjeta su i Op\u0107i uvjeti za\u0161tite osobnih podataka. Ako se korisnik ne pridr\u017eava Op\u0107ih uvjeta poslovanja i podataka o za\u0161titi podataka, mora napustiti i ne od daljnjeg koristiti web stranicu <u><a href=\"https:\/\/www.mammamiaart.com\/hr\/\">www.mammamiaart.com<\/a><\/u>. Kada se korisnik bavi odre\u0111enim aktivnostima na web stranici <u><a href=\"https:\/\/www.mammamiaart.com\/hr\/\">www.mammamiaart.com<\/a><\/u>, poput otvaranja ra\u010duna, kori\u0161tenja web trgovine, popunjavanja anketa, komentiranja, objavljivanja sadr\u017eaja, sudjelovanja u natje\u010dajima i drugim oblicima izvla\u010denja nagrada ili odgovaranja na oglas za posao, prodavatelj mo\u017ee tra\u017eiti od korisnika da daju odre\u0111ene dodatne osobne podatke. U tom slu\u010daju, prije davanja dodatnih osobnih podataka, korisniku se savjetuje da prou\u010di Informacije o za\u0161titi podataka. Sadr\u017eaj web stranice <u><a href=\"https:\/\/www.mammamiaart.com\/hr\/\">www.mammamiaart.com<\/a><\/u> dostupan je na hrvatskom i engleskom jeziku. Slu\u017ebeni jezik za zaklju\u010divanje sporazuma je hrvatski jezik. <strong>GLAVNE ZNA\u010cAJKE PROIZVODA<\/strong> Kupac se s glavnim zna\u010dajkama proizvoda upoznaje na web mjestu <u><a href=\"https:\/\/www.mammamiaart.com\/hr\/\">www.mammamiaart.com<\/a><\/u>. Prodavatelj zadr\u017eava pravo izmjene podataka na web mjestu, uklju\u010duju\u0107i cijene proizvoda i posebne ponude, popuste i akcije, bez prethodne najave. Pored slike proizvoda dostupan je opis va\u017enih zna\u010dajki proizvoda, kao i cijena proizvoda s uklju\u010denim PDV-om. Cijene, uvjeti pla\u0107anja i posebne ponude vrijede samo u trenutku narud\u017ebe i \/ ili pla\u0107anja. <strong>NARU\u010cIVANJE<\/strong> Kupnja se vr\u0161i na web stranici MAMMAMIA ART, <u><a href=\"https:\/\/www.mammamiaart.com\/hr\/\">www.mammamiaart.com<\/a><\/u>, popunjavanjem nazna\u010denog obrasca. Pri popunjavanju obrasca kupac je du\u017ean ispuniti sve potrebne podatke. Kupnja se mo\u017ee izvr\u0161iti samo uz potvrdu kupca da je pro\u010ditao i razumio Op\u0107e uvjete i da je svjestan da to predstavlja nalog s obvezom pla\u0107anja. Kupnja je mogu\u0107a 24 sata dnevno, 7 dana u tjednu. Kupac \u0107e biti obavije\u0161ten putem e-po\u0161te o potvrdi narud\u017ebe (primitak elektroni\u010dke poruke koja uklju\u010duje ponudu kupca) i o po\u0161iljci paketa. U slu\u010daju da prodavatelj iz bilo kojeg razloga nije u mogu\u0107nosti isporu\u010diti neke od naru\u010denih proizvoda, kupca \u0107e kontaktirati telefonom ili e-po\u0161tom zaposlenika web trgovine u svrhu dogovora oko isporuke zamjenskog proizvoda , ili po \u017eelji o otkazivanju narud\u017ebe proizvoda. Kupnju proizvoda i \/ ili usluga u ime i za dobrobit maloljetnika ili osobe li\u0161ene poslovne sposobnosti (u potpunosti ili djelomi\u010dno) mogu obavljati samo njihovi zakonski zastupnici. Kupnja se vr\u0161i naru\u010divanjem dostupnih proizvoda koje odabere kupac, na temelju fotografije proizvoda i osnovnih podataka. Fotografije su ilustrativne i ne moraju uvijek i u svim detaljima odgovarati dostupnim proizvodima. Kupnja se obavlja u nekoliko jednostavnih koraka u udobnosti ku\u0107e kupca, s bilo kojeg mjesta na svijetu .. Naru\u010divanje proizvoda vr\u0161i se elektroni\u010dkim putem. Klikom na &#8220;Dodaj u ko\u0161aricu&#8221;, odabrani proizvod dodaje se u ko\u0161aricu. Proizvod nije rezerviran, naru\u010den ni kupljen dodavanjem u ko\u0161aricu. Kupac mo\u017ee nastaviti dodavati proizvode klikom na &#8220;Nastavi kupnju&#8221;, ili pregledati sadr\u017eaj vre\u0107ice klikom na &#8220;Pregled ko\u0161arice&#8221; ili zavr\u0161iti postupak odabira proizvoda klikom na &#8220;Pla\u0107anje&#8221;. Kada se postupak odabira proizvoda zaklju\u010di klikom na gumb \u201ePla\u0107anje\u201c, kupac \u0107e biti preusmjeren na stranicu na kojoj mo\u017ee odabrati na\u010din pla\u0107anja, na\u010din isporuke, gdje se mo\u017ee unijeti k\u00f4d ako kupac ima kupon ili poklon karticu, gdje se po \u017eelji mogu dodati dodatne bilje\u0161ke i gdje se potvrdni okvir mo\u017ee ozna\u010diti u slu\u010daju da kupac \u017eeli ra\u010dun s poreznim odbitkom (R1). <strong>Kupnja se ne mo\u017ee nastaviti bez potvr\u0111ivanja potvrdnog okvira &#8220;Prihva\u0107am op\u0107e uvjete i odredbe&#8221;, <\/strong>gdje potvr\u0111ivanjem istog kupac potvr\u0111uje da je pro\u010ditao i razumio Op\u0107e uvjete te da se sla\u017ee s njima i bez ozna\u010davanja polja &#8220;I svjestan sam da postavljanje narud\u017ebe podrazumijeva obvezu pla\u0107anja \u201c. Klikom na &#8220;Promijeni sadr\u017eaj ko\u0161arice&#8221; kupac mo\u017ee promijeniti sadr\u017eaj svoje ko\u0161arice. Ako se kupac slo\u017ei s kupnjom proizvoda uklju\u010denih u ko\u0161aricu, mo\u017ee kliknuti na ikonu &#8220;Plati&#8221;. Kada kupac klikne na ikonu &#8220;Plati&#8221; i finalizira narud\u017ebu, prodava\u010d \u0107e poslati ove Op\u0107e uvjete na svoju e-adresu, zajedno s potvrdom o primitku i brojem narud\u017ebe koji potvr\u0111uje da je narud\u017ebenica primljena i obra\u0111uje se. \u00a0 U slu\u010daju problema ili zabune tijekom postupka narud\u017ebe, kupac se mo\u017ee obratiti prodavatelju pisanjem na <a href=\"mailto:mammamiaart.web@gmail.com\"><u>mammamiaart.web@gmail.com<\/u><\/a> ili pozivom na broj +385 91 570 6762, radnim danom od 8 do 16 sati. <strong>CIJENE PROIZVODA I NA\u010cINI PLA\u0106ANJA<\/strong> Kupac je du\u017ean platiti proizvod naru\u010den jednim od sljede\u0107ih na\u010dina:<\/p>\r\n<ul>\r\n<li>Kreditna ili debitna kartica &#8211; izravno pla\u0107anje putem Interneta preko usluge pla\u0107anja karticama: Visa, MasterCard, Maestro i Diners.<\/li>\r\n<li>Pla\u0107anje pouze\u0107em unutar Republike Hrvatske<\/li>\r\n<\/ul>\r\n<p>Stanovnici Republike Hrvatske mogu se, osim pla\u0107anja kreditnom ili debitnom karticom, koristiti i jednim od dodatnih na\u010dina pla\u0107anja:<\/p>\r\n<ul>\r\n<li>Bankovni prijenos &#8211; podaci potrebni za pla\u0107anje kupcu \u0107e se poslati e-po\u0161tom, uklju\u010duju\u0107i broj ra\u010duna na koji kupac mora platiti iznos narud\u017ebe. Kupac mo\u017ee izvr\u0161iti pla\u0107anje putem internetskog bankarstva ili pla\u0107anjem u poslovnici banke, po\u0161ti ili FINA-i, itd. Nakon primitka uplate naru\u010deni proizvodi bit \u0107e poslani kupcu po\u0161tom na adresu navedenu u narud\u017ebi .<\/li>\r\n<\/ul>\r\n<p>Prilikom pla\u0107anja na na\u0161oj web trgovini koristite CorvusPay &#8211; napredni sustav za sigurno prihva\u0107anje kreditnih kartica na Internetu. Corvus Pay osigurava potpunu privatnost podataka va\u0161e kreditne kartice od trenutka kada upi\u0161ete ovaj obrazac za pla\u0107anje Corvus Payom. Podaci potrebni za naplatu proslje\u0111uju se \u0161ifrirani iz va\u0161eg web preglednika banci koja je izdala va\u0161u karticu za pla\u0107anje. Na\u0161a trgovina nikada ne dolazi u kontakt s va\u0161im povjerljivim podacima o karticama. Sli\u010dno, operateri Corvus Paya ne mogu pristupiti va\u0161im kompletnim podacima o vlasniku kartice. Izolirana jezgra sustava neovisno prenosi osjetljive podatke i upravlja njima, a istovremeno ih \u010duva potpuno sigurnima. Obrazac za upis alata za pla\u0107anje za\u0161ti\u0107en je SSL prijenosnom \u0161ifrom najve\u0107e pouzdanosti. Svi pohranjeni podaci dodatno su za\u0161ti\u0107eni hi-grade enkripcijom, pomo\u0107u hardverskih ure\u0111aja certificiranih prema FIPS 140 2 razina 3 standarda. CorvusPay ispunjava sve zahtjeve za sigurno pla\u0107anje na mre\u017ei propisanih od vode\u0107ih robnih marki kreditnih kartica, rade\u0107i u skladu sa standardom PCI DSS 1. Razine s najvi\u0161im sigurnosnim standardom u industriji kartica. Pla\u0107anja karticama upisanim u program 3-D Secure dodatno ovjerava banka izdavateljica, potvr\u0111uju\u0107i va\u0161 identitet upotrebom tokena ili lozinke. Svi podaci koje prikupi Corvus Info smatraju se bankovnom tajnom i prema njima se postupa u skladu s tim. Podaci se koriste isklju\u010divo u svrhe za koje su namijenjeni. Va\u0161i osjetljivi podaci potpuno su sigurni, a njihova privatnost zajam\u010dena najsuvremenijim za\u0161titnim mehanizmima. Prikupljamo samo podatke potrebne za obavljanje posla u skladu sa zahtjevnim propisanim procedurama za internetsko pla\u0107anje. Sigurnosne kontrole i radni postupci koji se primjenjuju u okviru CorvusPay infrastrukture ne samo da osiguravaju trenutnu pouzdanost CorvusPay-a, ve\u0107 i trajno odr\u017eavaju i pobolj\u0161avaju razinu za\u0161tite podataka o va\u0161oj kreditnoj kartici odr\u017eavaju\u0107i stroge kontrole pristupa, redovitu sigurnost i dubinske provjere sustava radi sprje\u010davanja ranjivosti mre\u017ee. Hvala vam \u0161to koristite CorvusPay!<\/p>\r\n<p>&nbsp;<\/p>\r\n<p id=\"tw-target-text\" class=\"tw-data-text tw-text-large tw-ta\" dir=\"ltr\" data-placeholder=\"Prijevod\"><a href=\"https:\/\/europa.eu\/youreurope\/citizens\/consumers\/consumers-dispute-resolution\/out-of-court-procedures\/index_hr.htm\" target=\"_blank\" rel=\"noopener\"><span class=\"Y2IQFc\" lang=\"hr\">U slu\u010daju spora MAMMAMIA ART i kupac \u0107e sukob rije\u0161iti mirnim putem, a ako to nije mogu\u0107e, nadle\u017ean je Op\u0107inski gra\u0111anski sud u Splitu, uz primjenu hrvatskog zakona. Rje\u0161avanje spora mogu\u0107e je i na Sudu \u010dasti Hrvatske gospodarske komore ili drugim meditacijskim centrima.<\/span><\/a><\/p>","protected":false},"excerpt":{"rendered":"<p>PODACI O OBRTU: Naziv: ENGRAFO VL.Tajana Kri\u017eevi\u0107 OIB: 78588476356 UVJETI KUPNJE Potro\u0161a\u010d, sa statusom kupca, zaklju\u010duje ugovor o kupnji s tvrtkom ENGRAFO, Tolstojeva 29, 21 000 Split, sa statusom prodava\u010da. Na pravne osobe kao kupce primjenjuju se Zakon o obveznim odnosima i Zakon o elektroni\u010dkoj trgovini, pa se Zakon o za\u0161titi potro\u0161a\u010da ne primjenjuje. Ovi [&#8230;]\n","protected":false},"author":2,"featured_media":0,"parent":0,"menu_order":0,"comment_status":"closed","ping_status":"closed","template":"","meta":{"footnotes":""},"class_list":["post-1230","page","type-page","status-publish","hentry"],"_links":{"self":[{"href":"https:\/\/www.mammamiaart.com\/hr\/wp-json\/wp\/v2\/pages\/1230","targetHints":{"allow":["GET"]}}],"collection":[{"href":"https:\/\/www.mammamiaart.com\/hr\/wp-json\/wp\/v2\/pages"}],"about":[{"href":"https:\/\/www.mammamiaart.com\/hr\/wp-json\/wp\/v2\/types\/page"}],"author":[{"embeddable":true,"href":"https:\/\/www.mammamiaart.com\/hr\/wp-json\/wp\/v2\/users\/2"}],"replies":[{"embeddable":true,"href":"https:\/\/www.mammamiaart.com\/hr\/wp-json\/wp\/v2\/comments?post=1230"}],"version-history":[{"count":7,"href":"https:\/\/www.mammamiaart.com\/hr\/wp-json\/wp\/v2\/pages\/1230\/revisions"}],"predecessor-version":[{"id":2571,"href":"https:\/\/www.mammamiaart.com\/hr\/wp-json\/wp\/v2\/pages\/1230\/revisions\/2571"}],"wp:attachment":[{"href":"https:\/\/www.mammamiaart.com\/hr\/wp-json\/wp\/v2\/media?parent=1230"}],"curies":[{"name":"wp","href":"https:\/\/api.w.org\/{rel}","templated":true}]}}