{"id":1189,"date":"2021-07-31T16:12:10","date_gmt":"2021-07-31T16:12:10","guid":{"rendered":"https:\/\/www.mammamiaart.com\/info\/"},"modified":"2021-07-31T17:18:49","modified_gmt":"2021-07-31T17:18:49","slug":"info","status":"publish","type":"page","link":"https:\/\/www.mammamiaart.com\/hr\/info\/","title":{"rendered":"Info"},"content":{"rendered":"<div class=\"row\"  id=\"row-781472022\">\n\n\t<div id=\"col-14684123\" class=\"col small-12 large-12\"  >\n\t\t\t\t<div class=\"col-inner\"  >\n\t\t\t\n\t\t\t\n<div class=\"is-divider divider clearfix\" style=\"max-width:100%;height:30px;background-color:rgba(0, 0, 0, 0);\"><\/div>\n<h2><strong>INFORMACIJE O PROIZVODIMA:<\/strong><\/h2>\n<p>Uz kreativnost i stvaranje, dolazi i odgovornost, a mi se trudimo svoju ispunjavati! Zato pri izradi upotrebljavamo stare materijale koji vi\u0161e ne slu\u017ee, recikliramo i dajemo im novu svrhu! U proizvodnji odje\u0107e ve\u0107inom upotrebljavamo prirodne materijale (viskozu i pamuk) koje ru\u010dno oslikavamo, a \u0161to se ti\u010de ostalog, produljujemo vijek trajanja i opetovano vra\u0107amo u \u017eivot! Nadamo se da \u0107e svijest o ekologiji ubrzo porasti i na globalnoj razini! Pozivamo vas da vodite brigu o na\u0161em planetu\u2764\ufe0f<\/p>\n<h2><strong>KAKO SU TORBE NAPRAVLJENE?<\/strong><\/h2>\n<p>Na\u0161e torbe su napravljene od originalnih Vinil plo\u010da oja\u010danih s unutarnje strane(dodu\u0161e ne sviraju vi\u0161e :)povezanih s eko ili pravom ko\u017eom, u\u010dvr\u0161\u0107enom vijcima od nehr\u0111aju\u010deg \u010delika. Imaju u\u0161ivene podstave kako bi vas sadr\u017eaj u torbici bio za\u0161ti\u0107en ? te personaliziranu sliku ili sliku nastalu na\u0161om inspiracijom.<\/p>\n<h2><strong>KAKO MO\u017dETE NAPRAVITI PO NARUD\u017dBI NA\u0160E TORBE?<\/strong><\/h2>\n<p>Na\u0161 cilj je ponuditi vam jedinstveni modni dodatak. Sve na\u0161e torbe su ru\u010dno napravljene i to nam daje priliku potpuno ih prilagoditi. Mogu biti u razli\u010ditim veli\u010dinama, bojama ko\u017ee, unutarnjim uzorcima i slikama. Sve \u0161to trebate u\u010diniti jest kontaktirati nas za vi\u0161e informacija.<\/p>\n<h2><strong>SAVJETI ZA O\u010cUVANJE TORBE:<\/strong><\/h2>\n<ul>\n<li>Izbjegavajte du\u017ee izlaganje direktnom sun\u010devom svjetlu i ostalim izvorima topline.<\/li>\n<li>Bri\u0161ite ko\u017eu sa suhom tkaninom.<\/li>\n<\/ul>\n<p>\u00a0<\/p>\n<h2><strong>DOSTAVA I ISPORUKA:<\/strong><\/h2>\n<p><strong>STANDARDNO VRIJEME DOSTAVE:<\/strong><\/p>\n<ul>\n<li>Hrvatska unutar 8 radnih dana<\/li>\n<li>Europa unutar 15 radnih dana<\/li>\n<li>Ostatak svijeta: Obi\u010dno unutar 20 radnih dana<\/li>\n<\/ul>\n<p><strong>VRIJEME ZA EKSPRESNO SLANJE: DO 5 RADNIH DANA PO CIJELOM SVIJETU<\/strong><\/p>\n<h2><strong>POSEBNE BILJE\u0160KE:<\/strong><\/h2>\n<p>Ako \u017eelite naru\u010diti personaliziranu i prilago\u0111enu torbu, molimo imajte na umu da obi\u010dno treba dodatnih 5 do 10 radnih dana da se napravi. Za vi\u0161e informacija vas molimo da nas kontaktirate.<\/p>\n\t\t<\/div>\n\t\t\t\t\t<\/div>\n\n\t\n<\/div>\n","protected":false},"excerpt":{"rendered":"","protected":false},"author":1,"featured_media":0,"parent":0,"menu_order":0,"comment_status":"closed","ping_status":"closed","template":"","meta":{"footnotes":""},"class_list":["post-1189","page","type-page","status-publish","hentry"],"_links":{"self":[{"href":"https:\/\/www.mammamiaart.com\/hr\/wp-json\/wp\/v2\/pages\/1189","targetHints":{"allow":["GET"]}}],"collection":[{"href":"https:\/\/www.mammamiaart.com\/hr\/wp-json\/wp\/v2\/pages"}],"about":[{"href":"https:\/\/www.mammamiaart.com\/hr\/wp-json\/wp\/v2\/types\/page"}],"author":[{"embeddable":true,"href":"https:\/\/www.mammamiaart.com\/hr\/wp-json\/wp\/v2\/users\/1"}],"replies":[{"embeddable":true,"href":"https:\/\/www.mammamiaart.com\/hr\/wp-json\/wp\/v2\/comments?post=1189"}],"version-history":[{"count":1,"href":"https:\/\/www.mammamiaart.com\/hr\/wp-json\/wp\/v2\/pages\/1189\/revisions"}],"predecessor-version":[{"id":1213,"href":"https:\/\/www.mammamiaart.com\/hr\/wp-json\/wp\/v2\/pages\/1189\/revisions\/1213"}],"wp:attachment":[{"href":"https:\/\/www.mammamiaart.com\/hr\/wp-json\/wp\/v2\/media?parent=1189"}],"curies":[{"name":"wp","href":"https:\/\/api.w.org\/{rel}","templated":true}]}}