{"id":1129,"date":"2021-07-31T13:05:02","date_gmt":"2021-07-31T13:05:02","guid":{"rendered":"https:\/\/www.mammamiaart.com\/about-us\/"},"modified":"2022-02-28T19:24:00","modified_gmt":"2022-02-28T19:24:00","slug":"o-nama","status":"publish","type":"page","link":"https:\/\/www.mammamiaart.com\/hr\/o-nama\/","title":{"rendered":"O nama"},"content":{"rendered":"\n\t<section class=\"section\" id=\"section_627005453\">\n\t\t<div class=\"section-bg fill\" >\n\t\t\t\t\t\t\t\t\t\n\t\t\t\n\n\t\t<\/div>\n\n\t\t\n\n\t\t<div class=\"section-content relative\">\n\t\t\t\n\t<div id=\"gap-874207223\" class=\"gap-element clearfix\" style=\"display:block; height:auto;\">\n\t\t\n<style>\n#gap-874207223 {\n  padding-top: 30px;\n}\n<\/style>\n\t<\/div>\n\t\n<div class=\"row\"  id=\"row-1687699030\">\n\n\t<div id=\"col-1400918151\" class=\"col medium-5 small-12 large-5\"  >\n\t\t\t\t<div class=\"col-inner\"  >\n\t\t\t\n\t\t\t\n\n  <div class=\"banner has-hover\" id=\"banner-773909109\">\n          <div class=\"banner-inner fill\">\n        <div class=\"banner-bg fill\" >\n            <img decoding=\"async\" width=\"1024\" height=\"683\" src=\"https:\/\/www.mammamiaart.com\/wp-content\/uploads\/2022\/01\/head-image1-1024x683-1.jpg\" class=\"bg attachment-original size-original\" alt=\"\" \/>                                    \n                    <\/div>\n\t\t\n        <div class=\"banner-layers container\">\n            <div class=\"fill banner-link\"><\/div>            \n   <div id=\"text-box-1801583311\" class=\"text-box banner-layer x50 md-x50 lg-x50 y50 md-y50 lg-y50 res-text\">\n                                <div class=\"text-box-content text dark\">\n              \n              <div class=\"text-inner text-center\">\n                  \n              <\/div>\n           <\/div>\n                            \n<style>\n#text-box-1801583311 {\n  width: 60%;\n}\n#text-box-1801583311 .text-box-content {\n  font-size: 100%;\n}\n@media (min-width:550px) {\n  #text-box-1801583311 {\n    width: 60%;\n  }\n}\n<\/style>\n    <\/div>\n \n        <\/div>\n      <\/div>\n\n            \n<style>\n#banner-773909109 {\n  padding-top: 350px;\n}\n@media (min-width:550px) {\n  #banner-773909109 {\n    padding-top: 650px;\n  }\n}\n<\/style>\n  <\/div>\n\n\n\t\t<\/div>\n\t\t\t\t\t<\/div>\n\n\t\n\n\t<div id=\"col-1965986819\" class=\"col medium-7 small-11 large-7\"  >\n\t\t\t\t<div class=\"col-inner\"  >\n\t\t\t\n\t\t\t\n<h1 class=\"uppercase\"><span style=\"font-size: 120%;\">O NAMA<\/span><\/h1>\n<div id=\":1e4\" class=\"a3s aiL \">\n<div dir=\"auto\">\n<div dir=\"auto\">\n<p dir=\"ltr\">Moje ime je Mia Cakta\u0161 i bavim se dizajniranjem unikatne odje\u0107e ru\u010dno oslikane ne klasi\u010dnih krojeva. Moja prva ljubav i za\u0161titni znak su torbe od recikliranih gramofonskih plo\u010da\u00a0 te statement komadi nakita.<br \/>Zavr\u0161ila sam gra\u0111evinsko-arhitektonski fakultet u Splitu me\u0111utim nakon odre\u0111enog iskustva u struci odlu\u010dila sam ipak umjesto zgrada projektirati i graditi moje snove <br \/>Nisam imala osiguran nikakav po\u010detak me\u0111utim ljubav i strast su prevladale sve strahove od neuspjeha i tako je po\u010delo moje uspje\u0161no i sretno razdoblje stvarala\u0161tva.<\/p>\n<p dir=\"ltr\">U mom svemiru stvarala\u0161tva je neizostavna jedna i jedina najdra\u017ea moja maj\u010dica, moja najve\u0107a umjetnica, moja potpora i snaga. Ona je \u010desto odgovorna za odre\u0111ene radove koji Vam posebno mame osmijeh na lice. Sto \u0107ete i na mene tako djeluje <br \/>Ipak je jedna mama <br \/>Pretpostavljate da je od tu nastalo na\u0161e kreativno ime MammaMiaMia Art<\/p>\n<p dir=\"ltr\">Ako Vas jo\u0161 ne\u0161to zanima o meni&#8230;..<\/p>\n<p dir=\"ltr\">Volim pjevati, plesati,skakati, smijati se, vikati, plakati, disati&#8230;.<br \/>Volim more, \u0161ume, planine, kamen,&#8230;.<br \/>Volim ptice, zvijezde, sunce&#8230;. <br \/>Volim \u017eivot <br \/>I volim Vas jer mi dajete dodatnu snagu kad sam premorena, kreativnost kad mi ponestane goriva, zadovoljstvo kad vas vidim ispunjenima, osmjeh kad kombiniramo, i nezaboravne trenutke dok stvaramo.<\/p>\n<p dir=\"ltr\">i zato nemojte me nikad stati puniti va\u0161om divnom energijom jer cu biti jo\u0161 bolja za vas, za nas , za svih \ud83d\ude42<\/p>\n<\/div>\n<\/div>\n<\/div>\n\t<div id=\"gap-724035590\" class=\"gap-element clearfix\" style=\"display:block; height:auto;\">\n\t\t\n<style>\n#gap-724035590 {\n  padding-top: 6px;\n}\n<\/style>\n\t<\/div>\n\t\n<div class=\"social-icons follow-icons\" ><a href=\"https:\/\/www.facebook.com\/MammaMiaArt7\/\" target=\"_blank\" data-label=\"Facebook\" class=\"icon button circle is-outline tooltip facebook\" title=\"Follow on Facebook\" aria-label=\"Follow on Facebook\" rel=\"noopener nofollow\"><i class=\"icon-facebook\" aria-hidden=\"true\"><\/i><\/a><a href=\"https:\/\/www.instagram.com\/mammamia_art\/\" target=\"_blank\" data-label=\"Instagram\" class=\"icon button circle is-outline tooltip instagram\" title=\"Pratite nas na Instagramu\" aria-label=\"Pratite nas na Instagramu\" rel=\"noopener nofollow\"><i class=\"icon-instagram\" aria-hidden=\"true\"><\/i><\/a><a href=\"mailto:mammamia.art@gmail.com\" data-label=\"E-mail\" target=\"_blank\" class=\"icon button circle is-outline tooltip email\" title=\"Send us an email\" aria-label=\"Send us an email\" rel=\"nofollow noopener\"><i class=\"icon-envelop\" aria-hidden=\"true\"><\/i><\/a><\/div>\n\t\t<\/div>\n\t\t\t\t\n<style>\n#col-1965986819 > .col-inner {\n  padding: 0px 0px 0px 0px;\n}\n<\/style>\n\t<\/div>\n\n\t\n<\/div>\n\t\t<\/div>\n\n\t\t\n<style>\n#section_627005453 {\n  padding-top: 30px;\n  padding-bottom: 30px;\n  background-color: rgb(255, 255, 255);\n}\n<\/style>\n\t<\/section>\n\t\n","protected":false},"excerpt":{"rendered":"","protected":false},"author":1,"featured_media":0,"parent":0,"menu_order":0,"comment_status":"closed","ping_status":"closed","template":"","meta":{"footnotes":""},"class_list":["post-1129","page","type-page","status-publish","hentry"],"_links":{"self":[{"href":"https:\/\/www.mammamiaart.com\/hr\/wp-json\/wp\/v2\/pages\/1129","targetHints":{"allow":["GET"]}}],"collection":[{"href":"https:\/\/www.mammamiaart.com\/hr\/wp-json\/wp\/v2\/pages"}],"about":[{"href":"https:\/\/www.mammamiaart.com\/hr\/wp-json\/wp\/v2\/types\/page"}],"author":[{"embeddable":true,"href":"https:\/\/www.mammamiaart.com\/hr\/wp-json\/wp\/v2\/users\/1"}],"replies":[{"embeddable":true,"href":"https:\/\/www.mammamiaart.com\/hr\/wp-json\/wp\/v2\/comments?post=1129"}],"version-history":[{"count":4,"href":"https:\/\/www.mammamiaart.com\/hr\/wp-json\/wp\/v2\/pages\/1129\/revisions"}],"predecessor-version":[{"id":2686,"href":"https:\/\/www.mammamiaart.com\/hr\/wp-json\/wp\/v2\/pages\/1129\/revisions\/2686"}],"wp:attachment":[{"href":"https:\/\/www.mammamiaart.com\/hr\/wp-json\/wp\/v2\/media?parent=1129"}],"curies":[{"name":"wp","href":"https:\/\/api.w.org\/{rel}","templated":true}]}}